{"id":1143,"date":"2018-05-17T12:09:13","date_gmt":"2018-05-17T10:09:13","guid":{"rendered":"https:\/\/www.ch-fecamp.fr\/?page_id=1143"},"modified":"2018-06-14T11:38:38","modified_gmt":"2018-06-14T09:38:38","slug":"contact-2","status":"publish","type":"page","link":"https:\/\/www.ch-fecamp.fr\/index.php\/contact-2\/","title":{"rendered":"Contact &#8211; Qualit\u00e9"},"content":{"rendered":"<p>Pour tous compl\u00e9ments d\u2019informations, n\u2019h\u00e9sitez pas \u00e0 prendre contact aupr\u00e8s du service qualit\u00e9 (<a href=\"mailto:qualite@ch-fecamp.fr\">qualite@ch-fecamp.fr<\/a>) ou du secr\u00e9tariat de Direction (<a href=\"mailto:secretariatdirection@ch-fecamp.fr\">secretariatdirection@ch-fecamp.fr<\/a>)<\/p>\n","protected":false},"excerpt":{"rendered":"<p>Pour tous compl\u00e9ments d\u2019informations, n\u2019h\u00e9sitez pas \u00e0 prendre contact aupr\u00e8s du service qualit\u00e9 (qualite@ch-fecamp.fr) ou du secr\u00e9tariat de Direction (secretariatdirection@ch-fecamp.fr)<\/p>\n","protected":false},"author":2,"featured_media":0,"parent":0,"menu_order":0,"comment_status":"closed","ping_status":"closed","template":"","meta":[],"_links":{"self":[{"href":"https:\/\/www.ch-fecamp.fr\/index.php\/wp-json\/wp\/v2\/pages\/1143"}],"collection":[{"href":"https:\/\/www.ch-fecamp.fr\/index.php\/wp-json\/wp\/v2\/pages"}],"about":[{"href":"https:\/\/www.ch-fecamp.fr\/index.php\/wp-json\/wp\/v2\/types\/page"}],"author":[{"embeddable":true,"href":"https:\/\/www.ch-fecamp.fr\/index.php\/wp-json\/wp\/v2\/users\/2"}],"replies":[{"embeddable":true,"href":"https:\/\/www.ch-fecamp.fr\/index.php\/wp-json\/wp\/v2\/comments?post=1143"}],"version-history":[{"count":4,"href":"https:\/\/www.ch-fecamp.fr\/index.php\/wp-json\/wp\/v2\/pages\/1143\/revisions"}],"predecessor-version":[{"id":1315,"href":"https:\/\/www.ch-fecamp.fr\/index.php\/wp-json\/wp\/v2\/pages\/1143\/revisions\/1315"}],"wp:attachment":[{"href":"https:\/\/www.ch-fecamp.fr\/index.php\/wp-json\/wp\/v2\/media?parent=1143"}],"curies":[{"name":"wp","href":"https:\/\/api.w.org\/{rel}","templated":true}]}}