{"id":1145,"date":"2018-05-17T12:09:42","date_gmt":"2018-05-17T10:09:42","guid":{"rendered":"https:\/\/www.ch-fecamp.fr\/?page_id=1145"},"modified":"2025-04-02T10:48:05","modified_gmt":"2025-04-02T08:48:05","slug":"ateliers-proposes-par-le-service-maternite-gynecologie","status":"publish","type":"page","link":"https:\/\/www.ch-fecamp.fr\/index.php\/ateliers-proposes-par-le-service-maternite-gynecologie\/","title":{"rendered":"Ateliers propos\u00e9s par le service Maternit\u00e9-Gyn\u00e9cologie"},"content":{"rendered":"<p>Voici quelques ateliers propos\u00e9s par le service Maternit\u00e9-Gyn\u00e9cologie :\u00a0<\/p>\n<br \/>\n<ul>\n<li><a href=\"https:\/\/drive.google.com\/open?id=1KoSTh66PATG0MxA5lb1TgYsmNtg6J1UZ\">Consultations individualis\u00e9es en allaitement<\/a><\/li>\n<li><a href=\"https:\/\/drive.google.com\/open?id=1bT23eddzaDyIJEtsGdw0iYuoDO92kzw6\">Cours classiques de pr\u00e9paration \u00e0 la naissance<\/a><\/li>\n<li><a href=\"https:\/\/drive.google.com\/open?id=1iYqkhV42p43lyoOPWd8bevk-Cvin5CWL\">Entretien individuel au 4 \u00e8me mois de la grossesse<\/a><\/li>\n<li><a href=\"https:\/\/drive.google.com\/open?id=1_vEwHWRqbyYXnm03UtRcddPAdkj8n-qC\">R\u00e9\u00e9ducation p\u00e9rin\u00e9ale<\/a><\/li>\n<\/ul>\n\n\n<p><\/p>\n","protected":false},"excerpt":{"rendered":"<p>Voici quelques ateliers propos\u00e9s par le service Maternit\u00e9-Gyn\u00e9cologie :\u00a0 Consultations individualis\u00e9es en allaitement Cours classiques de pr\u00e9paration \u00e0 la naissance Entretien individuel au 4 \u00e8me mois de la grossesse R\u00e9\u00e9ducation p\u00e9rin\u00e9ale<\/p>\n","protected":false},"author":9,"featured_media":0,"parent":0,"menu_order":0,"comment_status":"closed","ping_status":"closed","template":"","meta":[],"_links":{"self":[{"href":"https:\/\/www.ch-fecamp.fr\/index.php\/wp-json\/wp\/v2\/pages\/1145"}],"collection":[{"href":"https:\/\/www.ch-fecamp.fr\/index.php\/wp-json\/wp\/v2\/pages"}],"about":[{"href":"https:\/\/www.ch-fecamp.fr\/index.php\/wp-json\/wp\/v2\/types\/page"}],"author":[{"embeddable":true,"href":"https:\/\/www.ch-fecamp.fr\/index.php\/wp-json\/wp\/v2\/users\/9"}],"replies":[{"embeddable":true,"href":"https:\/\/www.ch-fecamp.fr\/index.php\/wp-json\/wp\/v2\/comments?post=1145"}],"version-history":[{"count":23,"href":"https:\/\/www.ch-fecamp.fr\/index.php\/wp-json\/wp\/v2\/pages\/1145\/revisions"}],"predecessor-version":[{"id":4444,"href":"https:\/\/www.ch-fecamp.fr\/index.php\/wp-json\/wp\/v2\/pages\/1145\/revisions\/4444"}],"wp:attachment":[{"href":"https:\/\/www.ch-fecamp.fr\/index.php\/wp-json\/wp\/v2\/media?parent=1145"}],"curies":[{"name":"wp","href":"https:\/\/api.w.org\/{rel}","templated":true}]}}