{"id":1149,"date":"2018-05-17T12:10:26","date_gmt":"2018-05-17T10:10:26","guid":{"rendered":"https:\/\/www.ch-fecamp.fr\/?page_id=1149"},"modified":"2024-09-18T13:59:16","modified_gmt":"2024-09-18T11:59:16","slug":"clan","status":"publish","type":"page","link":"https:\/\/www.ch-fecamp.fr\/index.php\/clan\/","title":{"rendered":"CLAN"},"content":{"rendered":"<p>[et_pb_section fb_built=\u00a0\u00bb1&Prime; admin_label=\u00a0\u00bbsection\u00a0\u00bb _builder_version=\u00a0\u00bb3.0.47&Prime;][et_pb_row admin_label=\u00a0\u00bbrow\u00a0\u00bb _builder_version=\u00a0\u00bb3.0.47&Prime; background_size=\u00a0\u00bbinitial\u00a0\u00bb background_position=\u00a0\u00bbtop_left\u00a0\u00bb background_repeat=\u00a0\u00bbrepeat\u00a0\u00bb][et_pb_column type=\u00a0\u00bb4_4&Prime; _builder_version=\u00a0\u00bb3.0.47&Prime; parallax=\u00a0\u00bboff\u00a0\u00bb parallax_method=\u00a0\u00bbon\u00a0\u00bb][et_pb_text admin_label=\u00a0\u00bbText\u00a0\u00bb _builder_version=\u00a0\u00bb3.0.47&Prime; background_size=\u00a0\u00bbinitial\u00a0\u00bb background_position=\u00a0\u00bbtop_left\u00a0\u00bb background_repeat=\u00a0\u00bbrepeat\u00a0\u00bb]<\/p>\n<p style=\"text-align: center;\"><span style=\"color: #000000;\"><strong><u>CLAN<\/u><\/strong>\u00a0: <strong>Comit\u00e9 de Liaison pour l\u2019Alimentation et la Nutrition<\/strong><\/span><\/p>\n<p>Le CLAN est une structure consultative, pluridisciplinaire, qui participe \u00e0 l&rsquo;am\u00e9lioration du d\u00e9pistage des troubles nutritionnels, de leur prise en charge et participe \u00e0 la qualit\u00e9 de la prestation en restauration.<\/p>\n<p>Missions principales\u00a0:<\/p>\n<p style=\"padding-left: 30px;\">&#8211; D\u00e9velopper des actions visant l\u2019am\u00e9lioration de la prise en charge nutritionnelle du patient<\/p>\n<p style=\"padding-left: 30px;\">&#8211; Assurer la qualit\u00e9 de l\u2019ensemble de la prestation alimentation \/ nutrition y compris pour les projets d\u2019am\u00e9nagement des locaux, des circuits et d\u2019\u00e9quipement lorsque ceux-ci peuvent avoir des incidences dans ce domaine.<\/p>\n<p>Le programme d\u2019actions d\u00e9finit par le CLAN est mis en \u0153uvre gr\u00e2ce aux r\u00e9f\u00e9rents nutrition nomm\u00e9s au sein des services de soins.<\/p>\n<p style=\"padding-left: 30px;\">\n<p>&nbsp;<\/p>\n<p>[\/et_pb_text][\/et_pb_column][\/et_pb_row][\/et_pb_section]<\/p>\n","protected":false},"excerpt":{"rendered":"<p>[et_pb_section fb_built=\u00a0\u00bb1&Prime; admin_label=\u00a0\u00bbsection\u00a0\u00bb _builder_version=\u00a0\u00bb3.0.47&Prime;][et_pb_row admin_label=\u00a0\u00bbrow\u00a0\u00bb _builder_version=\u00a0\u00bb3.0.47&Prime; background_size=\u00a0\u00bbinitial\u00a0\u00bb background_position=\u00a0\u00bbtop_left\u00a0\u00bb background_repeat=\u00a0\u00bbrepeat\u00a0\u00bb][et_pb_column type=\u00a0\u00bb4_4&Prime; _builder_version=\u00a0\u00bb3.0.47&Prime; parallax=\u00a0\u00bboff\u00a0\u00bb parallax_method=\u00a0\u00bbon\u00a0\u00bb][et_pb_text admin_label=\u00a0\u00bbText\u00a0\u00bb _builder_version=\u00a0\u00bb3.0.47&Prime; background_size=\u00a0\u00bbinitial\u00a0\u00bb background_position=\u00a0\u00bbtop_left\u00a0\u00bb background_repeat=\u00a0\u00bbrepeat\u00a0\u00bb] CLAN\u00a0: Comit\u00e9 de Liaison pour l\u2019Alimentation et la Nutrition Le CLAN est une structure consultative, pluridisciplinaire, qui participe \u00e0 l&rsquo;am\u00e9lioration du d\u00e9pistage des troubles nutritionnels, de leur prise en charge et participe \u00e0 la qualit\u00e9 de la [&hellip;]<\/p>\n","protected":false},"author":2,"featured_media":0,"parent":0,"menu_order":0,"comment_status":"closed","ping_status":"closed","template":"","meta":[],"_links":{"self":[{"href":"https:\/\/www.ch-fecamp.fr\/index.php\/wp-json\/wp\/v2\/pages\/1149"}],"collection":[{"href":"https:\/\/www.ch-fecamp.fr\/index.php\/wp-json\/wp\/v2\/pages"}],"about":[{"href":"https:\/\/www.ch-fecamp.fr\/index.php\/wp-json\/wp\/v2\/types\/page"}],"author":[{"embeddable":true,"href":"https:\/\/www.ch-fecamp.fr\/index.php\/wp-json\/wp\/v2\/users\/2"}],"replies":[{"embeddable":true,"href":"https:\/\/www.ch-fecamp.fr\/index.php\/wp-json\/wp\/v2\/comments?post=1149"}],"version-history":[{"count":14,"href":"https:\/\/www.ch-fecamp.fr\/index.php\/wp-json\/wp\/v2\/pages\/1149\/revisions"}],"predecessor-version":[{"id":4388,"href":"https:\/\/www.ch-fecamp.fr\/index.php\/wp-json\/wp\/v2\/pages\/1149\/revisions\/4388"}],"wp:attachment":[{"href":"https:\/\/www.ch-fecamp.fr\/index.php\/wp-json\/wp\/v2\/media?parent=1149"}],"curies":[{"name":"wp","href":"https:\/\/api.w.org\/{rel}","templated":true}]}}