{"id":1151,"date":"2018-05-17T12:10:47","date_gmt":"2018-05-17T10:10:47","guid":{"rendered":"https:\/\/www.ch-fecamp.fr\/?page_id=1151"},"modified":"2024-09-18T14:00:17","modified_gmt":"2024-09-18T12:00:17","slug":"comedims","status":"publish","type":"page","link":"https:\/\/www.ch-fecamp.fr\/index.php\/comedims\/","title":{"rendered":"COMEDIMS"},"content":{"rendered":"<p>[et_pb_section fb_built=\u00a0\u00bb1&Prime; admin_label=\u00a0\u00bbsection\u00a0\u00bb _builder_version=\u00a0\u00bb3.0.47&Prime;][et_pb_row admin_label=\u00a0\u00bbrow\u00a0\u00bb _builder_version=\u00a0\u00bb3.0.47&Prime; background_size=\u00a0\u00bbinitial\u00a0\u00bb background_position=\u00a0\u00bbtop_left\u00a0\u00bb background_repeat=\u00a0\u00bbrepeat\u00a0\u00bb][et_pb_column type=\u00a0\u00bb4_4&Prime; _builder_version=\u00a0\u00bb3.0.47&Prime; parallax=\u00a0\u00bboff\u00a0\u00bb parallax_method=\u00a0\u00bbon\u00a0\u00bb][et_pb_text admin_label=\u00a0\u00bbText\u00a0\u00bb _builder_version=\u00a0\u00bb3.0.47&Prime; background_size=\u00a0\u00bbinitial\u00a0\u00bb background_position=\u00a0\u00bbtop_left\u00a0\u00bb background_repeat=\u00a0\u00bbrepeat\u00a0\u00bb]<\/p>\n<p style=\"text-align: center;\"><span style=\"color: #000000;\"><strong><u>COMEDIMS<\/u><\/strong><strong>\u00a0: Commission du M\u00e9dicament et des Dispositifs M\u00e9dicaux St\u00e9riles<\/strong><\/span><\/p>\n<p>&nbsp;<\/p>\n<p>La COMEDIMS participe, conform\u00e9ment \u00e0 la r\u00e9glementation, \u00e0 la d\u00e9finition de la politique du m\u00e9dicament et des dispositifs m\u00e9dicaux st\u00e9riles \u00e0 l&rsquo;int\u00e9rieur de l&rsquo;\u00e9tablissement et elle est partie prenante dans la mise en place du Contrat d&rsquo;Am\u00e9lioration de la Qualit\u00e9 et de l&rsquo;Efficience des Soins (CAQES).<\/p>\n<p>&nbsp;<\/p>\n<p style=\"padding-left: 30px;\">\n<p>[\/et_pb_text][\/et_pb_column][\/et_pb_row][\/et_pb_section]<\/p>\n","protected":false},"excerpt":{"rendered":"<p>[et_pb_section fb_built=\u00a0\u00bb1&Prime; admin_label=\u00a0\u00bbsection\u00a0\u00bb _builder_version=\u00a0\u00bb3.0.47&Prime;][et_pb_row admin_label=\u00a0\u00bbrow\u00a0\u00bb _builder_version=\u00a0\u00bb3.0.47&Prime; background_size=\u00a0\u00bbinitial\u00a0\u00bb background_position=\u00a0\u00bbtop_left\u00a0\u00bb background_repeat=\u00a0\u00bbrepeat\u00a0\u00bb][et_pb_column type=\u00a0\u00bb4_4&Prime; _builder_version=\u00a0\u00bb3.0.47&Prime; parallax=\u00a0\u00bboff\u00a0\u00bb parallax_method=\u00a0\u00bbon\u00a0\u00bb][et_pb_text admin_label=\u00a0\u00bbText\u00a0\u00bb _builder_version=\u00a0\u00bb3.0.47&Prime; background_size=\u00a0\u00bbinitial\u00a0\u00bb background_position=\u00a0\u00bbtop_left\u00a0\u00bb background_repeat=\u00a0\u00bbrepeat\u00a0\u00bb] COMEDIMS\u00a0: Commission du M\u00e9dicament et des Dispositifs M\u00e9dicaux St\u00e9riles &nbsp; La COMEDIMS participe, conform\u00e9ment \u00e0 la r\u00e9glementation, \u00e0 la d\u00e9finition de la politique du m\u00e9dicament et des dispositifs m\u00e9dicaux st\u00e9riles \u00e0 l&rsquo;int\u00e9rieur de l&rsquo;\u00e9tablissement et elle est [&hellip;]<\/p>\n","protected":false},"author":2,"featured_media":0,"parent":0,"menu_order":0,"comment_status":"closed","ping_status":"closed","template":"","meta":[],"_links":{"self":[{"href":"https:\/\/www.ch-fecamp.fr\/index.php\/wp-json\/wp\/v2\/pages\/1151"}],"collection":[{"href":"https:\/\/www.ch-fecamp.fr\/index.php\/wp-json\/wp\/v2\/pages"}],"about":[{"href":"https:\/\/www.ch-fecamp.fr\/index.php\/wp-json\/wp\/v2\/types\/page"}],"author":[{"embeddable":true,"href":"https:\/\/www.ch-fecamp.fr\/index.php\/wp-json\/wp\/v2\/users\/2"}],"replies":[{"embeddable":true,"href":"https:\/\/www.ch-fecamp.fr\/index.php\/wp-json\/wp\/v2\/comments?post=1151"}],"version-history":[{"count":7,"href":"https:\/\/www.ch-fecamp.fr\/index.php\/wp-json\/wp\/v2\/pages\/1151\/revisions"}],"predecessor-version":[{"id":4392,"href":"https:\/\/www.ch-fecamp.fr\/index.php\/wp-json\/wp\/v2\/pages\/1151\/revisions\/4392"}],"wp:attachment":[{"href":"https:\/\/www.ch-fecamp.fr\/index.php\/wp-json\/wp\/v2\/media?parent=1151"}],"curies":[{"name":"wp","href":"https:\/\/api.w.org\/{rel}","templated":true}]}}