{"id":1155,"date":"2018-05-17T12:12:01","date_gmt":"2018-05-17T10:12:01","guid":{"rendered":"https:\/\/www.ch-fecamp.fr\/?page_id=1155"},"modified":"2018-06-13T12:19:03","modified_gmt":"2018-06-13T10:19:03","slug":"cstm","status":"publish","type":"page","link":"https:\/\/www.ch-fecamp.fr\/index.php\/cstm\/","title":{"rendered":"CSTH"},"content":{"rendered":"<p style=\"text-align: center;\"><span style=\"color: #000000;\"><strong><u>CSTH<\/u>\u00a0: Le Comit\u00e9 de S\u00e9curit\u00e9 Transfusionnelle et d&rsquo;H\u00e9movigilance<\/strong><\/span><\/p>\n<p>&nbsp;<\/p>\n<p>L\u2019h\u00e9movigilance est un dispositif r\u00e9glement\u00e9 qui couvre l\u2019ensemble de la cha\u00eene transfusionnelle et engage la responsabilit\u00e9 du prescripteur et des personnes agissant sous sa direction.<\/p>\n<p>Le CSTH est l\u2019instance de r\u00e9f\u00e9rence qui permet la surveillance, l&rsquo;\u00e9valuation et la pr\u00e9vention des incidents et des effets ind\u00e9sirables survenant chez les receveurs de produits sanguins labiles.<\/p>\n","protected":false},"excerpt":{"rendered":"<p>CSTH\u00a0: Le Comit\u00e9 de S\u00e9curit\u00e9 Transfusionnelle et d&rsquo;H\u00e9movigilance &nbsp; L\u2019h\u00e9movigilance est un dispositif r\u00e9glement\u00e9 qui couvre l\u2019ensemble de la cha\u00eene transfusionnelle et engage la responsabilit\u00e9 du prescripteur et des personnes agissant sous sa direction. Le CSTH est l\u2019instance de r\u00e9f\u00e9rence qui permet la surveillance, l&rsquo;\u00e9valuation et la pr\u00e9vention des incidents et des effets ind\u00e9sirables survenant [&hellip;]<\/p>\n","protected":false},"author":2,"featured_media":0,"parent":0,"menu_order":0,"comment_status":"closed","ping_status":"closed","template":"","meta":[],"_links":{"self":[{"href":"https:\/\/www.ch-fecamp.fr\/index.php\/wp-json\/wp\/v2\/pages\/1155"}],"collection":[{"href":"https:\/\/www.ch-fecamp.fr\/index.php\/wp-json\/wp\/v2\/pages"}],"about":[{"href":"https:\/\/www.ch-fecamp.fr\/index.php\/wp-json\/wp\/v2\/types\/page"}],"author":[{"embeddable":true,"href":"https:\/\/www.ch-fecamp.fr\/index.php\/wp-json\/wp\/v2\/users\/2"}],"replies":[{"embeddable":true,"href":"https:\/\/www.ch-fecamp.fr\/index.php\/wp-json\/wp\/v2\/comments?post=1155"}],"version-history":[{"count":7,"href":"https:\/\/www.ch-fecamp.fr\/index.php\/wp-json\/wp\/v2\/pages\/1155\/revisions"}],"predecessor-version":[{"id":1266,"href":"https:\/\/www.ch-fecamp.fr\/index.php\/wp-json\/wp\/v2\/pages\/1155\/revisions\/1266"}],"wp:attachment":[{"href":"https:\/\/www.ch-fecamp.fr\/index.php\/wp-json\/wp\/v2\/media?parent=1155"}],"curies":[{"name":"wp","href":"https:\/\/api.w.org\/{rel}","templated":true}]}}