{"id":1160,"date":"2018-05-17T12:13:00","date_gmt":"2018-05-17T10:13:00","guid":{"rendered":"https:\/\/www.ch-fecamp.fr\/?page_id=1160"},"modified":"2024-09-13T14:10:21","modified_gmt":"2024-09-13T12:10:21","slug":"acces-au-dossier-patient","status":"publish","type":"page","link":"https:\/\/www.ch-fecamp.fr\/index.php\/acces-au-dossier-patient\/","title":{"rendered":"Acc\u00e8s au dossier patient"},"content":{"rendered":"<p>[et_pb_section fb_built=\u00a0\u00bb1&Prime; admin_label=\u00a0\u00bbsection\u00a0\u00bb _builder_version=\u00a0\u00bb3.0.47&Prime;][et_pb_row admin_label=\u00a0\u00bbrow\u00a0\u00bb _builder_version=\u00a0\u00bb3.0.47&Prime; background_size=\u00a0\u00bbinitial\u00a0\u00bb background_position=\u00a0\u00bbtop_left\u00a0\u00bb background_repeat=\u00a0\u00bbrepeat\u00a0\u00bb][et_pb_column type=\u00a0\u00bb4_4&Prime; _builder_version=\u00a0\u00bb3.0.47&Prime; parallax=\u00a0\u00bboff\u00a0\u00bb parallax_method=\u00a0\u00bbon\u00a0\u00bb][et_pb_text admin_label=\u00a0\u00bbText\u00a0\u00bb _builder_version=\u00a0\u00bb3.0.47&Prime; background_size=\u00a0\u00bbinitial\u00a0\u00bb background_position=\u00a0\u00bbtop_left\u00a0\u00bb background_repeat=\u00a0\u00bbrepeat\u00a0\u00bb]<\/p>\n<p>La consultation du dossier m\u00e9dical varie selon qu&rsquo;il s&rsquo;agisse d&rsquo;une personne majeure ou mineure.<\/p>\n<p><u>Personne Majeure<\/u>\u00a0:<br \/> Plusieurs personnes peuvent consulter le dossier d&rsquo;un majeur. Il s&rsquo;agit :<\/p>\n<p style=\"padding-left: 30px;\">&#8211; Du patient lui-m\u00eame\u00a0;<br \/> &#8211; De son tuteur, si le patient est\u00a0<a href=\"https:\/\/www.service-public.fr\/particuliers\/vosdroits\/F2120\">majeur sous tutelle<\/a>\u00a0(une personne sous\u00a0<a href=\"https:\/\/www.service-public.fr\/particuliers\/vosdroits\/F2094\">curatelle<\/a>\u00a0peut consulter elle-m\u00eame son dossier)\u00a0;<br \/> &#8211; De son m\u00e9decin si le patient l&rsquo;a choisi comme interm\u00e9diaire.<\/p>\n<p><u>Personne Mineure<\/u>\u00a0:<br \/> Le dossier m\u00e9dical d&rsquo;un mineur peut \u00eatre consult\u00e9 par\u00a0:<\/p>\n<p style=\"padding-left: 30px;\">&#8211; Le mineur lui-m\u00eame<br \/> &#8211; L&rsquo;interm\u00e9diaire d&rsquo;un m\u00e9decin d\u00e9sign\u00e9 par le mineur<br \/> &#8211; Ou son repr\u00e9sentant l\u00e9gal<\/p>\n<p>Si le mineur re\u00e7oit des soins \u00e0 l&rsquo;insu de ses parents, il peut s&rsquo;opposer \u00e0 ce que le m\u00e9decin transmette son dossier. Il doit n\u00e9anmoins faire mention \u00e9crite de cette opposition.<\/p>\n<p>&nbsp;<\/p>\n<p><span style=\"color: #ff0000;\"><strong>Concernant la demande pour une personne d\u00e9c\u00e9d\u00e9e<\/strong><\/span><\/p>\n<p>Sauf volont\u00e9 contraire exprim\u00e9e par la personne avant son d\u00e9c\u00e8s, les \u00e9l\u00e9ments transmissibles du dossier m\u00e9dical peuvent \u00eatre adress\u00e9s \u00e0 :<\/p>\n<p style=\"padding-left: 30px;\">&#8211; l&rsquo;ayant droit de la personne d\u00e9c\u00e9d\u00e9e ;<br \/> &#8211; son concubin ;<br \/> &#8211; ou son partenaire de Pacs.<\/p>\n<p>Lors de sa demande \u00e9crite, la personne doit motiver sa demande en expliquant que les informations peuvent \u00eatre notamment n\u00e9cessaires pour :<\/p>\n<p style=\"padding-left: 30px;\">&#8211; conna\u00eetre les causes de la mort ;<br \/> &#8211; d\u00e9fendre la m\u00e9moire du d\u00e9funt ;<br \/> &#8211; faire valoir un droit.<\/p>\n<p>&nbsp;<\/p>\n<p><span style=\"color: #ff0000;\"><strong>Modalit\u00e9s d&rsquo;acc\u00e8s<\/strong><\/span><\/p>\n<p><b>Chaque demande sera adress\u00e9e au directeur de l\u2019\u00e9tablissement. Elle fera l\u2019objet d\u2019une formalisation \u00e9crite. Elle devra \u00eatre accompagn\u00e9e de justificatifs d\u2019identit\u00e9 et de la qualit\u00e9 du demandeur (un acte de notori\u00e9t\u00e9 ou acte d\u2019\u00e9tat civil).<\/b><\/p>\n<p>Il existe 2 modes d&rsquo;acc\u00e8s \u00e0 votre dossier : consultation sur place ou copie de tout ou d&rsquo;une partie du dossier.<\/p>\n<p>&nbsp;<\/p>\n<p><b>Consultation sur place<\/b><\/p>\n<p>Vous pr\u00e9ciserez dans votre demande si vous souhaitez ou non la pr\u00e9sence d&rsquo;un m\u00e9decin du service, de l&rsquo;h\u00f4pital, ou ext\u00e9rieur \u00e0 l&rsquo;\u00e9tablissement. La loi ne vous oblige pas \u00e0 d\u00e9signer votre m\u00e9decin traitant.<\/p>\n<p>Un rendez-vous sera fix\u00e9 en lien avec le service des archives. Une pi\u00e8ce d&rsquo;identit\u00e9 vous sera demand\u00e9e.<\/p>\n<p><b>Obtenir une copie de votre dossier m\u00e9dical<\/b><\/p>\n<p>A r\u00e9ception du dossier complet, les d\u00e9lais r\u00e9glementaires de communication devront \u00eatre respect\u00e9s\u00a0:<\/p>\n<p style=\"padding-left: 30px;\">&#8211; Il est de 8 jours pour les informations constitu\u00e9es depuis moins de 5 ans<br \/> &#8211; Il est de 2 mois pour les informations constitu\u00e9es depuis plus de 5 ans<\/p>\n<p>La copie de votre dossier m\u00e9dical sera gratuite pour une premi\u00e8re demande. Lors d&rsquo;une seconde demande,\u00a0 les frais de photocopie ainsi que les frais d&rsquo;envoi (si demand\u00e9) des documents sont \u00e0 votre charge. Un devis vous est \u00e9tabli et, il vous appartient d&rsquo;en effectuer le paiement si vous maintenez votre demande. A r\u00e9ception du r\u00e8glement, votre dossier vous sera remis ou exp\u00e9di\u00e9.<\/p>\n<p>[\/et_pb_text][\/et_pb_column][\/et_pb_row][\/et_pb_section]<\/p>\n","protected":false},"excerpt":{"rendered":"<p>[et_pb_section fb_built=\u00a0\u00bb1&Prime; admin_label=\u00a0\u00bbsection\u00a0\u00bb _builder_version=\u00a0\u00bb3.0.47&Prime;][et_pb_row admin_label=\u00a0\u00bbrow\u00a0\u00bb _builder_version=\u00a0\u00bb3.0.47&Prime; background_size=\u00a0\u00bbinitial\u00a0\u00bb background_position=\u00a0\u00bbtop_left\u00a0\u00bb background_repeat=\u00a0\u00bbrepeat\u00a0\u00bb][et_pb_column type=\u00a0\u00bb4_4&Prime; _builder_version=\u00a0\u00bb3.0.47&Prime; parallax=\u00a0\u00bboff\u00a0\u00bb parallax_method=\u00a0\u00bbon\u00a0\u00bb][et_pb_text admin_label=\u00a0\u00bbText\u00a0\u00bb _builder_version=\u00a0\u00bb3.0.47&Prime; background_size=\u00a0\u00bbinitial\u00a0\u00bb background_position=\u00a0\u00bbtop_left\u00a0\u00bb background_repeat=\u00a0\u00bbrepeat\u00a0\u00bb] La consultation du dossier m\u00e9dical varie selon qu&rsquo;il s&rsquo;agisse d&rsquo;une personne majeure ou mineure. Personne Majeure\u00a0: Plusieurs personnes peuvent consulter le dossier d&rsquo;un majeur. Il s&rsquo;agit : &#8211; Du patient lui-m\u00eame\u00a0; &#8211; De son tuteur, si le [&hellip;]<\/p>\n","protected":false},"author":2,"featured_media":0,"parent":0,"menu_order":0,"comment_status":"closed","ping_status":"closed","template":"","meta":[],"_links":{"self":[{"href":"https:\/\/www.ch-fecamp.fr\/index.php\/wp-json\/wp\/v2\/pages\/1160"}],"collection":[{"href":"https:\/\/www.ch-fecamp.fr\/index.php\/wp-json\/wp\/v2\/pages"}],"about":[{"href":"https:\/\/www.ch-fecamp.fr\/index.php\/wp-json\/wp\/v2\/types\/page"}],"author":[{"embeddable":true,"href":"https:\/\/www.ch-fecamp.fr\/index.php\/wp-json\/wp\/v2\/users\/2"}],"replies":[{"embeddable":true,"href":"https:\/\/www.ch-fecamp.fr\/index.php\/wp-json\/wp\/v2\/comments?post=1160"}],"version-history":[{"count":12,"href":"https:\/\/www.ch-fecamp.fr\/index.php\/wp-json\/wp\/v2\/pages\/1160\/revisions"}],"predecessor-version":[{"id":4372,"href":"https:\/\/www.ch-fecamp.fr\/index.php\/wp-json\/wp\/v2\/pages\/1160\/revisions\/4372"}],"wp:attachment":[{"href":"https:\/\/www.ch-fecamp.fr\/index.php\/wp-json\/wp\/v2\/media?parent=1160"}],"curies":[{"name":"wp","href":"https:\/\/api.w.org\/{rel}","templated":true}]}}