{"id":1162,"date":"2018-05-17T12:13:33","date_gmt":"2018-05-17T10:13:33","guid":{"rendered":"https:\/\/www.ch-fecamp.fr\/?page_id=1162"},"modified":"2024-09-18T14:10:43","modified_gmt":"2024-09-18T12:10:43","slug":"transmettre-un-eloge-ou-un-courrier-de-reclamation","status":"publish","type":"page","link":"https:\/\/www.ch-fecamp.fr\/index.php\/transmettre-un-eloge-ou-un-courrier-de-reclamation\/","title":{"rendered":"Transmettre un \u00e9loge ou un courrier de r\u00e9clamation"},"content":{"rendered":"<p>[et_pb_section fb_built=\u00a0\u00bb1&Prime; admin_label=\u00a0\u00bbsection\u00a0\u00bb _builder_version=\u00a0\u00bb3.0.47&Prime;][et_pb_row admin_label=\u00a0\u00bbrow\u00a0\u00bb _builder_version=\u00a0\u00bb3.0.47&Prime; background_size=\u00a0\u00bbinitial\u00a0\u00bb background_position=\u00a0\u00bbtop_left\u00a0\u00bb background_repeat=\u00a0\u00bbrepeat\u00a0\u00bb][et_pb_column type=\u00a0\u00bb4_4&Prime; _builder_version=\u00a0\u00bb3.0.47&Prime; parallax=\u00a0\u00bboff\u00a0\u00bb parallax_method=\u00a0\u00bbon\u00a0\u00bb][et_pb_text admin_label=\u00a0\u00bbText\u00a0\u00bb _builder_version=\u00a0\u00bb3.0.47&Prime; background_size=\u00a0\u00bbinitial\u00a0\u00bb background_position=\u00a0\u00bbtop_left\u00a0\u00bb background_repeat=\u00a0\u00bbrepeat\u00a0\u00bb]<\/p>\n<p style=\"text-align: center;\"><span style=\"font-size: large;\"><strong><span style=\"color: #666666;\">Transmettre un \u00e9loge ou un courrier de r\u00e9clamation<\/span><\/strong><\/span><\/p>\n<p>Pour remonter votre satisfaction sur les conditions de votre prise en charge, un questionnaire de satisfaction vous est remis \u00e0 votre admission dans le service de soins. En parall\u00e8le, vous pouvez adresser par mail \u00e0 la cellule Qualit\u00e9 vos remarques et propositions d\u2019am\u00e9lioration: <a href=\"mailto:qualite@ch-fecamp.fr\">qualite@ch-fecamp.fr<\/a><\/p>\n<p>En cas de contestation ou de r\u00e9clamation, vous pouvez contacter le directeur (ou son repr\u00e9sentant), la Cellule Qualit\u00e9 ou si vous le souhaitez la Commission Des Usagers.<\/p>\n<p>&nbsp;<\/p>\n<p>[\/et_pb_text][\/et_pb_column][\/et_pb_row][et_pb_row _builder_version=\u00a0\u00bb3.0.87&Prime;][et_pb_column type=\u00a0\u00bb4_4&Prime; _builder_version=\u00a0\u00bb3.0.87&Prime; parallax=\u00a0\u00bboff\u00a0\u00bb parallax_method=\u00a0\u00bbon\u00a0\u00bb][et_pb_image _builder_version=\u00a0\u00bb3.0.87&Prime;][\/et_pb_image][\/et_pb_column][\/et_pb_row][\/et_pb_section]<\/p>\n\n<div class=\"wp-block-image\">\n<figure class=\"aligncenter size-large\"><img decoding=\"async\" loading=\"lazy\" width=\"724\" height=\"1024\" src=\"https:\/\/www.ch-fecamp.fr\/wp-content\/uploads\/2024\/09\/QUA-2381-V3-Plaquette-Eloges-Plaintes-Reclamations-et-Acces-au-dossier_page-0001-724x1024.jpg\" alt=\"\" class=\"wp-image-4397\" srcset=\"https:\/\/www.ch-fecamp.fr\/wp-content\/uploads\/2024\/09\/QUA-2381-V3-Plaquette-Eloges-Plaintes-Reclamations-et-Acces-au-dossier_page-0001-724x1024.jpg 724w, https:\/\/www.ch-fecamp.fr\/wp-content\/uploads\/2024\/09\/QUA-2381-V3-Plaquette-Eloges-Plaintes-Reclamations-et-Acces-au-dossier_page-0001-212x300.jpg 212w, https:\/\/www.ch-fecamp.fr\/wp-content\/uploads\/2024\/09\/QUA-2381-V3-Plaquette-Eloges-Plaintes-Reclamations-et-Acces-au-dossier_page-0001-768x1087.jpg 768w, https:\/\/www.ch-fecamp.fr\/wp-content\/uploads\/2024\/09\/QUA-2381-V3-Plaquette-Eloges-Plaintes-Reclamations-et-Acces-au-dossier_page-0001-1086x1536.jpg 1086w, https:\/\/www.ch-fecamp.fr\/wp-content\/uploads\/2024\/09\/QUA-2381-V3-Plaquette-Eloges-Plaintes-Reclamations-et-Acces-au-dossier_page-0001-1080x1528.jpg 1080w, https:\/\/www.ch-fecamp.fr\/wp-content\/uploads\/2024\/09\/QUA-2381-V3-Plaquette-Eloges-Plaintes-Reclamations-et-Acces-au-dossier_page-0001.jpg 1241w\" sizes=\"(max-width: 724px) 100vw, 724px\" \/><\/figure><\/div>","protected":false},"excerpt":{"rendered":"<p>[et_pb_section fb_built=\u00a0\u00bb1&Prime; admin_label=\u00a0\u00bbsection\u00a0\u00bb _builder_version=\u00a0\u00bb3.0.47&Prime;][et_pb_row admin_label=\u00a0\u00bbrow\u00a0\u00bb _builder_version=\u00a0\u00bb3.0.47&Prime; background_size=\u00a0\u00bbinitial\u00a0\u00bb background_position=\u00a0\u00bbtop_left\u00a0\u00bb background_repeat=\u00a0\u00bbrepeat\u00a0\u00bb][et_pb_column type=\u00a0\u00bb4_4&Prime; _builder_version=\u00a0\u00bb3.0.47&Prime; parallax=\u00a0\u00bboff\u00a0\u00bb parallax_method=\u00a0\u00bbon\u00a0\u00bb][et_pb_text admin_label=\u00a0\u00bbText\u00a0\u00bb _builder_version=\u00a0\u00bb3.0.47&Prime; background_size=\u00a0\u00bbinitial\u00a0\u00bb background_position=\u00a0\u00bbtop_left\u00a0\u00bb background_repeat=\u00a0\u00bbrepeat\u00a0\u00bb] Transmettre un \u00e9loge ou un courrier de r\u00e9clamation Pour remonter votre satisfaction sur les conditions de votre prise en charge, un questionnaire de satisfaction vous est remis \u00e0 votre admission dans le service de soins. En parall\u00e8le, [&hellip;]<\/p>\n","protected":false},"author":2,"featured_media":0,"parent":0,"menu_order":0,"comment_status":"closed","ping_status":"closed","template":"","meta":[],"_links":{"self":[{"href":"https:\/\/www.ch-fecamp.fr\/index.php\/wp-json\/wp\/v2\/pages\/1162"}],"collection":[{"href":"https:\/\/www.ch-fecamp.fr\/index.php\/wp-json\/wp\/v2\/pages"}],"about":[{"href":"https:\/\/www.ch-fecamp.fr\/index.php\/wp-json\/wp\/v2\/types\/page"}],"author":[{"embeddable":true,"href":"https:\/\/www.ch-fecamp.fr\/index.php\/wp-json\/wp\/v2\/users\/2"}],"replies":[{"embeddable":true,"href":"https:\/\/www.ch-fecamp.fr\/index.php\/wp-json\/wp\/v2\/comments?post=1162"}],"version-history":[{"count":6,"href":"https:\/\/www.ch-fecamp.fr\/index.php\/wp-json\/wp\/v2\/pages\/1162\/revisions"}],"predecessor-version":[{"id":4398,"href":"https:\/\/www.ch-fecamp.fr\/index.php\/wp-json\/wp\/v2\/pages\/1162\/revisions\/4398"}],"wp:attachment":[{"href":"https:\/\/www.ch-fecamp.fr\/index.php\/wp-json\/wp\/v2\/media?parent=1162"}],"curies":[{"name":"wp","href":"https:\/\/api.w.org\/{rel}","templated":true}]}}