{"id":1925,"date":"2019-08-26T12:46:06","date_gmt":"2019-08-26T10:46:06","guid":{"rendered":"https:\/\/www.ch-fecamp.fr\/?page_id=1925"},"modified":"2019-08-26T12:46:06","modified_gmt":"2019-08-26T10:46:06","slug":"le-reglement-general-sur-la-protection-des-donnees-rgpd","status":"publish","type":"page","link":"https:\/\/www.ch-fecamp.fr\/index.php\/le-reglement-general-sur-la-protection-des-donnees-rgpd\/","title":{"rendered":"Le r\u00e8glement g\u00e9n\u00e9ral sur la protection des donn\u00e9es (RGPD)"},"content":{"rendered":"\n<p>Soucieux de la protection de vos donn\u00e9es personnelles, le Centre Hospitalier Intercommunal du Pays des Hautes Falaises est engag\u00e9 dans une d\u00e9marche continue de s\u00e9curisation et de maintien de la confidentialit\u00e9 de vos donn\u00e9es personnelles en accord avec la Loi Informatique et Libert\u00e9 du 06 janvier 1978 et du R\u00e8glement G\u00e9n\u00e9ral sur la Protection des Donn\u00e9es du 25 mai 2018.<\/p>\n\n\n\n<p>En vertu de l\u2019Article 5 du chapitre II du RGPD, <br>\nLe Centre Hospitalier Intercommunal de F\u00e9camp s\u2019assure que les donn\u00e9es \u00e0 caract\u00e8res personnel sont trait\u00e9es de mani\u00e8re licite, loyale et transparente au regard de la personne concern\u00e9e, qu\u2019elles sont collect\u00e9es pour des finalit\u00e9s d\u00e9termin\u00e9es, explicites et l\u00e9gitimes, et ne seront pas trait\u00e9es ult\u00e9rieurement d\u2019une mani\u00e8re incompatible avec ces finalit\u00e9s. <br>\nCes donn\u00e9es sont ad\u00e9quates, pertinentes et limit\u00e9s \u00e0 ce qui est n\u00e9cessaire au regard des finalit\u00e9s pour lesquelles elles sont trait\u00e9es. <br>\nElles sont \u00e9galement conserv\u00e9es sous une forme permettant l\u2019identification des personnes concern\u00e9es pendant une dur\u00e9e n\u2019exc\u00e9dant pas celle n\u00e9cessaire au regard des finalit\u00e9s pour lesquelles elles sont trait\u00e9es.<br>\nElles sont de plus trait\u00e9es de fa\u00e7on \u00e0 garantir une s\u00e9curit\u00e9 appropri\u00e9e des donn\u00e9es \u00e0 caract\u00e8re personnel, y compris la protection contre le traitement non autoris\u00e9 ou illicite et contre la perte, la destruction ou les d\u00e9g\u00e2ts d\u2019origine accidentelle.<br>\nEn raison de l\u2019Article 15 de la section 2 du chapitre III du RGPD, <br>\nVous disposez d\u2019un droit d\u2019acc\u00e8s aux informations vous concernant, \u00e0 savoir :<\/p>\n\n\n\n<ul><li>Les finalit\u00e9s des traitements<\/li><li>Les cat\u00e9gories de donn\u00e9es \u00e0 caract\u00e8res personnel concern\u00e9s<\/li><li>Les destinataires ou cat\u00e9gories de destinataires auxquels les donn\u00e9es sont communiqu\u00e9es<\/li><li>La dur\u00e9e de conservation des donn\u00e9es<\/li><li>Le droit de demander au responsable de traitement la v\u00e9rification de l\u2019exactitude, et le cas \u00e9ch\u00e9ant la rectification, la compl\u00e9tion ou l\u2019application du droit d\u2019opposition \u00e0 leur utilisation. <br><\/li><\/ul>\n\n\n\n<p>  Vous \u00eates patient, vous pouvez faire une demande d\u2019acc\u00e8s \u00e0 votre dossier de sant\u00e9, en contactant  Mr Lefevre, Directeur de l\u2019\u00e9tablissement  \u00e0 l\u2019adresse suivante 100 Avenue du Pr\u00e9sident Fran\u00e7ois Mitterrand, 76400 F\u00e9camp.                                           <br> <\/p>\n\n\n\n<p>Vous \u00eates agent de l\u2019\u00e9tablissement, vous pouvez faire une demande d\u2019acc\u00e8s \u00e0 votre dossier de carri\u00e8re, en contactant Mme Sourice, Directrice des Ressources Humaines   \u00e0 l\u2019adresse suivante Avenue du Pr\u00e9sident Fran\u00e7ois Mitterrand, 76400 F\u00e9camp.<br><\/p>\n\n\n\n<p> Pour toutes questions relative \u00e0 l\u2019utilisation de vos donn\u00e9es personnelles, vous pouvez contacter notre D\u00e9l\u00e9gu\u00e9 \u00e0 la Protection des Donn\u00e9es \u00e0 l\u2019adresse suivante : dpd@ch-havre.fr ou par voie postale \u00e0 <br> Centre Hospitalier Intercommunal Elbeuf Louviers Val de Reuil, <br> A l\u2019attention du DPO<br> Rue du Dr VILLERS, 76410 saint Aubin les Elbeuf <\/p>\n","protected":false},"excerpt":{"rendered":"<p>Soucieux de la protection de vos donn\u00e9es personnelles, le Centre Hospitalier Intercommunal du Pays des Hautes Falaises est engag\u00e9 dans une d\u00e9marche continue de s\u00e9curisation et de maintien de la confidentialit\u00e9 de vos donn\u00e9es personnelles en accord avec la Loi Informatique et Libert\u00e9 du 06 janvier 1978 et du R\u00e8glement G\u00e9n\u00e9ral sur la Protection des [&hellip;]<\/p>\n","protected":false},"author":9,"featured_media":0,"parent":0,"menu_order":0,"comment_status":"closed","ping_status":"closed","template":"","meta":[],"_links":{"self":[{"href":"https:\/\/www.ch-fecamp.fr\/index.php\/wp-json\/wp\/v2\/pages\/1925"}],"collection":[{"href":"https:\/\/www.ch-fecamp.fr\/index.php\/wp-json\/wp\/v2\/pages"}],"about":[{"href":"https:\/\/www.ch-fecamp.fr\/index.php\/wp-json\/wp\/v2\/types\/page"}],"author":[{"embeddable":true,"href":"https:\/\/www.ch-fecamp.fr\/index.php\/wp-json\/wp\/v2\/users\/9"}],"replies":[{"embeddable":true,"href":"https:\/\/www.ch-fecamp.fr\/index.php\/wp-json\/wp\/v2\/comments?post=1925"}],"version-history":[{"count":1,"href":"https:\/\/www.ch-fecamp.fr\/index.php\/wp-json\/wp\/v2\/pages\/1925\/revisions"}],"predecessor-version":[{"id":1926,"href":"https:\/\/www.ch-fecamp.fr\/index.php\/wp-json\/wp\/v2\/pages\/1925\/revisions\/1926"}],"wp:attachment":[{"href":"https:\/\/www.ch-fecamp.fr\/index.php\/wp-json\/wp\/v2\/media?parent=1925"}],"curies":[{"name":"wp","href":"https:\/\/api.w.org\/{rel}","templated":true}]}}