{"id":2262,"date":"2020-02-26T09:32:41","date_gmt":"2020-02-26T08:32:41","guid":{"rendered":"https:\/\/www.ch-fecamp.fr\/?page_id=2262"},"modified":"2023-03-20T14:28:38","modified_gmt":"2023-03-20T13:28:38","slug":"dossier-patient-had-estuaire","status":"publish","type":"page","link":"https:\/\/www.ch-fecamp.fr\/index.php\/dossier-patient-had-estuaire\/","title":{"rendered":"Hospitalisation  A Domicile &#8211; HAD\u00a0 ESTUAIRE"},"content":{"rendered":"\n<p>Le service d\u2019hospitalisation \u00e0 domicile permet d\u2019\u00e9courter le s\u00e9jour \u00e0 l\u2019h\u00f4pital et de s\u00e9curiser le retour \u00e0 domicile.\u00a0<\/p>\n\n\n\n<p>Sur demande du service hospitalier, l\u2019infirmi\u00e8re de l\u2019HAD se rend dans la chambre du patient durant son hospitalisation et planifie les soins pour le retour \u00e0 domicile. Le m\u00e9decin traitant reste le m\u00e9decin r\u00e9f\u00e9rent. L\u2019infirmier lib\u00e9ral peut continuer d\u2019intervenir si besoin.<\/p>\n\n\n\n<p>Le passage de l\u2019\u00e9quipe (infirmiers et aide-soignant) au domicile est d\u00e9termin\u00e9 et r\u00e9\u00e9valu\u00e9 quotidiennement au regard de l\u2019\u00e9volution de l\u2019\u00e9tat de sant\u00e9 du patient.<\/p>\n\n\n\n<p>En cas d\u2019urgence : possibilit\u00e9 d\u2019<strong>appeler le service HAD nuit et jour<\/strong>. Et si besoin l\u2019infirmi\u00e8re de l\u2019HAD se d\u00e9place en lien avec le m\u00e9decin coordonnateur.<\/p>\n\n\n\n<p>Une demande d&rsquo;HAD peut aussi \u00eatre initi\u00e9e directement par le m\u00e9decin traitant pour un patient qui est encore \u00e0 son domicile.<\/p>\n\n\n\n<p>Pour tous renseignements l\u2019\u00e9quipe reste disponible de 9h15 \u00e0 17h)&nbsp;: <strong>02 35 10 91 30<\/strong>.<\/p>\n\n\n\n<p class=\"has-text-align-center\"><strong> DOSSIER PATIENT HAD ESTUAIRE <\/strong><\/p>\n\n\n\n<div class=\"wp-block-file aligncenter\"><a href=\"https:\/\/www.ch-fecamp.fr\/wp-content\/uploads\/2020\/02\/Dossier-patient-HAD-Proposition-dAdmission.pdf\"><br>Dossier patient HAD &#8211; Proposition d&rsquo;Admission<\/a><a href=\"https:\/\/www.ch-fecamp.fr\/wp-content\/uploads\/2020\/02\/Dossier-patient-HAD-Proposition-dAdmission.pdf\" class=\"wp-block-file__button\" download>T\u00e9l\u00e9charger<\/a><\/div>\n\n\n\n<p class=\"has-text-align-center\"><strong>A Transmettre par fax au &nbsp;02 27 30 28 31<\/strong> &nbsp;OU par &nbsp;email<strong>&nbsp;: had@ch-fecamp.fr<\/strong><\/p>\n\n\n\n<p><\/p>\n","protected":false},"excerpt":{"rendered":"<p>Le service d\u2019hospitalisation \u00e0 domicile permet d\u2019\u00e9courter le s\u00e9jour \u00e0 l\u2019h\u00f4pital et de s\u00e9curiser le retour \u00e0 domicile.\u00a0 Sur demande du service hospitalier, l\u2019infirmi\u00e8re de l\u2019HAD se rend dans la chambre du patient durant son hospitalisation et planifie les soins pour le retour \u00e0 domicile. Le m\u00e9decin traitant reste le m\u00e9decin r\u00e9f\u00e9rent. L\u2019infirmier lib\u00e9ral peut [&hellip;]<\/p>\n","protected":false},"author":9,"featured_media":0,"parent":0,"menu_order":0,"comment_status":"closed","ping_status":"closed","template":"","meta":[],"_links":{"self":[{"href":"https:\/\/www.ch-fecamp.fr\/index.php\/wp-json\/wp\/v2\/pages\/2262"}],"collection":[{"href":"https:\/\/www.ch-fecamp.fr\/index.php\/wp-json\/wp\/v2\/pages"}],"about":[{"href":"https:\/\/www.ch-fecamp.fr\/index.php\/wp-json\/wp\/v2\/types\/page"}],"author":[{"embeddable":true,"href":"https:\/\/www.ch-fecamp.fr\/index.php\/wp-json\/wp\/v2\/users\/9"}],"replies":[{"embeddable":true,"href":"https:\/\/www.ch-fecamp.fr\/index.php\/wp-json\/wp\/v2\/comments?post=2262"}],"version-history":[{"count":7,"href":"https:\/\/www.ch-fecamp.fr\/index.php\/wp-json\/wp\/v2\/pages\/2262\/revisions"}],"predecessor-version":[{"id":3910,"href":"https:\/\/www.ch-fecamp.fr\/index.php\/wp-json\/wp\/v2\/pages\/2262\/revisions\/3910"}],"wp:attachment":[{"href":"https:\/\/www.ch-fecamp.fr\/index.php\/wp-json\/wp\/v2\/media?parent=2262"}],"curies":[{"name":"wp","href":"https:\/\/api.w.org\/{rel}","templated":true}]}}