{"id":3029,"date":"2022-12-02T11:31:45","date_gmt":"2022-12-02T10:31:45","guid":{"rendered":"https:\/\/www.ch-fecamp.fr\/?page_id=3029"},"modified":"2022-12-02T12:57:04","modified_gmt":"2022-12-02T11:57:04","slug":"lieu-de-sante-sans-tabac","status":"publish","type":"page","link":"https:\/\/www.ch-fecamp.fr\/index.php\/lieu-de-sante-sans-tabac\/","title":{"rendered":"Lieu de Sant\u00e9 Sans Tabac"},"content":{"rendered":"\n<figure class=\"wp-block-image size-large is-resized\"><img decoding=\"async\" loading=\"lazy\" src=\"https:\/\/www.ch-fecamp.fr\/wp-content\/uploads\/2022\/12\/site-internet_page-0001-1024x390.jpg\" alt=\"\" class=\"wp-image-3845\" width=\"840\" height=\"319\" srcset=\"https:\/\/www.ch-fecamp.fr\/wp-content\/uploads\/2022\/12\/site-internet_page-0001-1024x390.jpg 1024w, https:\/\/www.ch-fecamp.fr\/wp-content\/uploads\/2022\/12\/site-internet_page-0001-300x114.jpg 300w, https:\/\/www.ch-fecamp.fr\/wp-content\/uploads\/2022\/12\/site-internet_page-0001-768x293.jpg 768w, https:\/\/www.ch-fecamp.fr\/wp-content\/uploads\/2022\/12\/site-internet_page-0001-1080x412.jpg 1080w, https:\/\/www.ch-fecamp.fr\/wp-content\/uploads\/2022\/12\/site-internet_page-0001.jpg 1241w\" sizes=\"(max-width: 840px) 100vw, 840px\" \/><\/figure>\n\n\n\n<p class=\"has-text-align-center\"><br><strong>Le Centre Hospitalier du Pays des Hautes Falaises est engag\u00e9 dans la dynamique Lieu de Sant\u00e9 Sans Tabac afin d\u2019offrir un environnement sain et une aide au sevrage ou \u00e0 la r\u00e9duction tabagique \u00e0 ses patients ainsi qu\u2019\u00e0 ses agents.<\/strong><\/p>\n\n\n\n<p class=\"has-text-align-center\"><strong>Certifi\u00e9 niveau Bronze par le RESPADD (R\u00e9seau des \u00c9tablissements de Sant\u00e9 pour la Pr\u00e9vention des Addictions), le Centre Hospitalier de F\u00e9camp a sign\u00e9 la charte Lieu de Sant\u00e9 Sans Tabac et s\u2019engage en tant qu\u2019h\u00f4pital promoteur de sant\u00e9.<\/strong><\/p>\n\n\n\n<p class=\"has-text-align-left has-text-color has-medium-font-size\" style=\"color:#044b8d\"><strong>Un Lieu de Sant\u00e9 Sans Tabac, qu\u2019est-ce que c\u2019est&nbsp;?<\/strong><\/p>\n\n\n\n<p><strong>Un lieu de sant\u00e9 sans tabac n\u2019est pas un lieu de sant\u00e9 sans fumeur<\/strong>. C\u2019est un \u00e9tablissement de sant\u00e9 au sein duquel on s\u2019abstient de fumer et o\u00f9 l\u2019on&nbsp;<strong>accompagne les patients et les professionnels fumeurs<\/strong> qui le souhaitent dans la r\u00e9duction ou l\u2019arr\u00eat du tabac.<\/p>\n\n\n\n<p class=\"has-text-align-left has-text-color has-medium-font-size\" style=\"color:#044b8d\"><strong>Pourquoi devenir un Lieu de Sant\u00e9 Sans Tabac ?<\/strong><\/p>\n\n\n\n<p><strong>Le tabac reste la premi\u00e8re cause de mortalit\u00e9 \u00e9vitable en France.<\/strong><\/p>\n\n\n\n<p class=\"has-text-align-left\">Alors qu\u2019on notait une baisse du tabagisme en France m\u00e9tropolitaine de 1,9 million de fumeurs quotidiens entre 2014 et 2019, les derniers r\u00e9sultats montrent que la pr\u00e9valence s\u2019est stabilis\u00e9e en 2020, avec 25,5% de fumeurs quotidiens. Pr\u00e8s de 6 fumeurs sur 10 d\u00e9clarent vouloir arr\u00eater de fumer. [ARS 2022- Assurance maladie &#8211; PEC du sevrage tabagisme].<\/p>\n\n\n\n<p class=\"has-text-align-left\">En 2019, au sein du Centre Hospitalier de F\u00e9camp, on comptait 24% de fumeurs quotidiens chez les agents et 27% chez les patients-visiteurs. Une enqu\u00eate men\u00e9e aupr\u00e8s de 220 patients\/visiteurs et 310 agents de l\u2019h\u00f4pital montre que 90 % des patients\/visiteurs et 82 % des professionnels sont favorables \u00e0 l\u2019interdiction de fumer \u00e0 l\u2019h\u00f4pital (ext\u00e9rieur et int\u00e9rieur).<\/p>\n\n\n\n<p>Les&nbsp;Lieux de sant\u00e9 ont un r\u00f4le cl\u00e9 dans cette strat\u00e9gie de pr\u00e9vention et de prise en charge du tabagisme en favorisant les comportements favorables \u00e0 la sant\u00e9 et en endossant un r\u00f4le d&rsquo;exemplarit\u00e9. <\/p>\n\n\n\n<p>Un environnement sans tabac&nbsp;aide \u00e0&nbsp;d\u00e9normaliser le tabagisme,&nbsp;r\u00e9duit l\u2019exposition au tabagisme passif&nbsp;et soutient les personnes qui ont r\u00e9cemment arr\u00eat\u00e9 ou qui souhaitent le faire. C&rsquo;est aussi un lieu de sant\u00e9&nbsp;qui promeut une approche globale de la sant\u00e9, am\u00e9liore la qualit\u00e9 des services propos\u00e9es, favorise le bien-\u00eatre en cr\u00e9ant un&nbsp;environnement favorable \u00e0&nbsp; la sant\u00e9 pour les patients, les agents et les visiteurs.<\/p>\n\n\n\n<p class=\"has-text-align-left has-text-color has-medium-font-size\" style=\"color:#044b8d\"><strong>Concr\u00e8tement<\/strong><strong>&nbsp;?<\/strong><\/p>\n\n\n\n<p>Concr\u00e8tement, cette dynamique repose sur :<\/p>\n\n\n\n<p>&#8211;&nbsp;un comit\u00e9 de pilotage interne<\/p>\n\n\n\n<p>&#8211;&nbsp;un accompagnement des agents fumeurs qui le souhaitent<\/p>\n\n\n\n<p>&#8211;&nbsp;une prise en charge des patients fumeurs<\/p>\n\n\n\n<p>&#8211;&nbsp;un&nbsp;environnement sans tabac aux abords de l\u2019h\u00f4pital avec&nbsp;la mise en place d\u2019espaces r\u00e9serv\u00e9s&nbsp;o\u00f9 l\u2019usage du tabac est possible pour les&nbsp;agents et les patients\/visiteurs de fa\u00e7on distincte<\/p>\n\n\n\n<p>&#8211;&nbsp;des sessions de sensibilisation\/formation \u00e0 la tabacologie \u00e0&nbsp;destination des professionnels de sant\u00e9<\/p>\n\n\n\n<p>&#8211;&nbsp;des actions de communication, de pr\u00e9vention et de sensibilisation pour les agents, patients, visiteurs<\/p>\n\n\n\n<p>Le Centre Hospitalier est soutenu dans cette d\u00e9marche par le RESPADD, l\u2019Agence&nbsp;R\u00e9gionale de Sant\u00e9, le Dispositif d\u2019Appui \u00e0&nbsp;la Politique Addiction, Nautilia et la Ligue contre le Cancer.<\/p>\n\n\n\n<p class=\"has-text-align-left has-text-color has-medium-font-size\" style=\"color:#044b8d\"><strong>Et pour \u00eatre accompagn\u00e9 dans son sevrage ou sa r\u00e9duction tabagique ?<\/strong><\/p>\n\n\n\n<p>L\u2019aide d\u2019un professionnel est un facteur cl\u00e9 de r\u00e9ussite dans l&rsquo;arr\u00eat ou la r\u00e9duction du tabac. <\/p>\n\n\n\n<p>Diff\u00e9rentes ressources existent au sein de l&rsquo;\u00e9tablissement pour se faire aider :&nbsp;<\/p>\n\n\n\n<p><strong>Le&nbsp;Service de sant\u00e9 au travail&nbsp;<\/strong>(pour les&nbsp;agents)<\/p>\n\n\n\n<p><strong>Le&nbsp;CSAPA<\/strong>&nbsp;(Centre de Soins d\u2019Accompagnement et de Pr\u00e9vention en Addictologie &#8211; tout public) :&nbsp;&nbsp;02 35 10 62 97<\/p>\n\n\n\n<p><strong>L&rsquo;Equipe de Liaison et&nbsp;de Soins en Addictologie<\/strong>&nbsp;(pour les&nbsp;patients) : 02 35 10 92.42 \/ 02 35 10 92 89<\/p>\n\n\n\n<p><strong>La&nbsp;Consultation Tabac de la&nbsp;Maternit\u00e9<\/strong>&nbsp;(Femmes enceintes) : 02 35 10 90 72<\/p>\n\n\n\n<p><strong>N\u00b0 national<\/strong> :&nbsp;3989 \u2013 Tabac Info Service<\/p>\n\n\n\n<p class=\"has-text-align-left has-text-color has-medium-font-size\" style=\"color:#044b8d\"><strong>Des questions &#8211; des suggestions ?&nbsp;<\/strong><\/p>\n\n\n\n<p>Contactez-nous \u00e0&nbsp;l&rsquo;adresse suivante : lsst@ch-fecamp.fr<\/p>\n","protected":false},"excerpt":{"rendered":"<p>Le Centre Hospitalier du Pays des Hautes Falaises est engag\u00e9 dans la dynamique Lieu de Sant\u00e9 Sans Tabac afin d\u2019offrir un environnement sain et une aide au sevrage ou \u00e0 la r\u00e9duction tabagique \u00e0 ses patients ainsi qu\u2019\u00e0 ses agents. Certifi\u00e9 niveau Bronze par le RESPADD (R\u00e9seau des \u00c9tablissements de Sant\u00e9 pour la Pr\u00e9vention des [&hellip;]<\/p>\n","protected":false},"author":9,"featured_media":0,"parent":0,"menu_order":0,"comment_status":"closed","ping_status":"closed","template":"","meta":[],"_links":{"self":[{"href":"https:\/\/www.ch-fecamp.fr\/index.php\/wp-json\/wp\/v2\/pages\/3029"}],"collection":[{"href":"https:\/\/www.ch-fecamp.fr\/index.php\/wp-json\/wp\/v2\/pages"}],"about":[{"href":"https:\/\/www.ch-fecamp.fr\/index.php\/wp-json\/wp\/v2\/types\/page"}],"author":[{"embeddable":true,"href":"https:\/\/www.ch-fecamp.fr\/index.php\/wp-json\/wp\/v2\/users\/9"}],"replies":[{"embeddable":true,"href":"https:\/\/www.ch-fecamp.fr\/index.php\/wp-json\/wp\/v2\/comments?post=3029"}],"version-history":[{"count":3,"href":"https:\/\/www.ch-fecamp.fr\/index.php\/wp-json\/wp\/v2\/pages\/3029\/revisions"}],"predecessor-version":[{"id":3848,"href":"https:\/\/www.ch-fecamp.fr\/index.php\/wp-json\/wp\/v2\/pages\/3029\/revisions\/3848"}],"wp:attachment":[{"href":"https:\/\/www.ch-fecamp.fr\/index.php\/wp-json\/wp\/v2\/media?parent=3029"}],"curies":[{"name":"wp","href":"https:\/\/api.w.org\/{rel}","templated":true}]}}