{"id":399,"date":"2017-08-24T11:43:05","date_gmt":"2017-08-24T09:43:05","guid":{"rendered":"https:\/\/www.ch-fecamp.fr\/?page_id=399"},"modified":"2025-02-19T11:24:23","modified_gmt":"2025-02-19T10:24:23","slug":"nos-medecin","status":"publish","type":"page","link":"https:\/\/www.ch-fecamp.fr\/index.php\/nos-medecin\/","title":{"rendered":"Nos m\u00e9decins"},"content":{"rendered":"<h1 style=\"text-align: center;\">NOS MEDECINS<\/h1>\n\n\n<figure class=\"wp-block-table is-style-stripes\"><table class=\"has-fixed-layout\"><tbody><tr><td><span class=\"has-inline-color has-vivid-cyan-blue-color\"><strong>NOM  PRENOM<\/strong><\/span><\/td><td><strong><span class=\"has-inline-color has-vivid-cyan-blue-color\">SERVICE<\/span><\/strong><\/td><td><strong><span class=\"has-inline-color has-vivid-cyan-blue-color\">NUMERO DU SECRETARIAT<\/span><\/strong><\/td><\/tr><tr><td><strong>AMELOT PEREZ BENEDICTE<\/strong><\/td><td>Urgences \/ SMUR<strong><\/strong><\/td><td>02 35 10 90 57<\/td><\/tr><tr><td><strong>DE OLIVEIRA Adrein<\/strong><\/td><td>Urgences \/ SMUR<\/td><td>02 35 10 90 57<\/td><\/tr><tr><td><strong>PASCAL Manon<\/strong><\/td><td>Urgences \/ SMUR<\/td><td>02 35 10 90 57<\/td><\/tr><tr><td><strong>VASSELIN Anatole<\/strong><\/td><td>Urgences \/ SMUR<\/td><td>02 35 10 90 57<\/td><\/tr><tr><td><strong>BREDEL St\u00e9phanie<\/strong><\/td><td>Urgences \/ SMUR<\/td><td>02 35 10 90 57<\/td><\/tr><tr><td><strong>DUBOC Pascal<\/strong><\/td><td>Anesth\u00e9sie \/ Surveillance Continue<\/td><td>02 35 10 90 56<\/td><\/tr><tr><td><strong>SERHAL Amal<\/strong><\/td><td>Anesth\u00e9sie \/ Surveillance Continue<\/td><td>02 35 10 90 56<\/td><\/tr><tr><td><strong>HADDOUCHE  Mohamed<\/strong><\/td><td>Imagerie m\u00e9dicale<\/td><td>02 35 10 90 50<\/td><\/tr><tr><td><strong>KANE Chebou<\/strong><\/td><td>Imagerie m\u00e9dicale<\/td><td>02 35 10 90 50<\/td><\/tr><tr><td><strong>SANCHEZ Adolfo<\/strong><\/td><td>Imagerie m\u00e9dicale<\/td><td>02 35 10 90 50<\/td><\/tr><tr><td><strong>SOMON Thierry<\/strong><\/td><td>Imagerie m\u00e9dicale<\/td><td>02 35 10 90 50<\/td><\/tr><tr><td><strong>SPADORCIA Agostino<\/strong><\/td><td>Imagerie m\u00e9dicale<\/td><td>02 35 10 90 50<\/td><\/tr><tr><td><strong>BELLAZOUZ Rezika<\/strong><\/td><td>M\u00e9decine court s\u00e9jour<\/td><td>02 35 10 92 23<\/td><\/tr><tr><td><strong>CALOT Philippe<\/strong><\/td><td>Cardiologie<\/td><td>02 35 10 91 25 <\/td><\/tr><tr><td><strong>AMARY J\u00e9rome<\/strong><\/td><td>M\u00e9decine 2<\/td><td>02 35 10 91 99<\/td><\/tr><tr><td><strong>TRANNOY Philippe<\/strong><\/td><td>Consultations ORL<\/td><td>02 35 10 90 38<\/td><\/tr><tr><td><strong>GAFSI Sofiane<\/strong><\/td><td>Consultations cardiologie<\/td><td>02 35 10 91 25<\/td><\/tr><tr><td><strong>TRIKI Habib<\/strong><\/td><td>Consultations cardiologie<\/td><td>02 35 10 91 25<\/td><\/tr><tr><td><strong>YOUSFI Chedi<\/strong><\/td><td>Consultations cardiologie<\/td><td>02 35 10 91 25<\/td><\/tr><tr><td><strong>GRES Jean-Jacques<\/strong><\/td><td>Consultations pneumologie<\/td><td>02 35 10 90 38<\/td><\/tr><tr><td><strong>MIDHAT Mohammed<\/strong><\/td><td>Consultations dermatologie<\/td><td>02 35 10 90 38<\/td><\/tr><tr><td><strong>POSTEC Eric<\/strong><\/td><td>Consultations n\u00e9phrologie<\/td><td>02 35 10 90 38<\/td><\/tr><tr><td><strong>ZARNITSKY Charles<\/strong><\/td><td>Consultations rhumatologie<\/td><td>02 35 10 90 38<\/td><\/tr><tr><td><strong>KADRA Gais<\/strong><\/td><td>Consultations oncologie<\/td><td>02 35 10 92 23<\/td><\/tr><tr><td><strong>KHALIFE Wiam<\/strong><\/td><td>Consultations oncologie<\/td><td>02 35 10 92 23<\/td><\/tr><tr><td><strong>ANCELLE D\u00e9borah&nbsp;<\/strong><\/td><td>Consultations Diab\u00e9tologie<\/td><td>02 35 10 90 38&nbsp;<\/td><\/tr><tr><td><strong>DARGENT Madeleine<\/strong><\/td><td>Centre de Soins, d&rsquo;Accompagnement et de Pr\u00e9vention en Addictologie (CSAPA)<\/td><td>02 35 10 62 97<\/td><\/tr><tr><td><strong>CHRETIEN Natacha<\/strong><\/td><td>Pharmacie<\/td><td>02 35 10 91 62 <\/td><\/tr><tr><td><strong>DICK Lucie<\/strong><\/td><td>Pharmacie<\/td><td>02 35 10 91 95<\/td><\/tr><tr><td><strong>TAURIN<\/strong> <strong>St\u00e9phane<\/strong><\/td><td>Pharmacie<\/td><td> 02 35 10 90 13<\/td><\/tr><tr><td><strong>LELUAN Claire<\/strong><\/td><td>Pharmacie<\/td><td> 02 35 10 91 62<\/td><\/tr><tr><td><strong>MONNIEZ Aymeric<\/strong><\/td><td><\/td><td>02 35 10 60 69<\/td><\/tr><tr><td><strong>BUONOMANO Daniel<\/strong><\/td><td>CGYL ULD<\/td><td>02 35 10 60 60<\/td><\/tr><tr><td><strong>CANIVET Sandrine<\/strong><\/td><td>CGYL EHPAD <\/td><td>02 35 10 91 19<\/td><\/tr><tr><td><strong>MLIKA Wafa<\/strong><\/td><td>Soins M\u00e9dicaux et de R\u00e9adaptation (SMR)<\/td><td>02 35 10 91 19<\/td><\/tr><tr><td><strong>OLIVIER Vinciane<\/strong><\/td><td>Soins M\u00e9dicaux et de R\u00e9adaptation (SMR)<\/td><td>02 35 10 91 19<\/td><\/tr><tr><td><strong>VILLERS Val\u00e9rie<\/strong><\/td><td>CGYL EHPAD <\/td><td>02 35 10 15 60 \/ 02 35 10 91 19<\/td><\/tr><tr><td><strong>WATTECAMPS Jean<\/strong><\/td><td>Gyn\u00e9cologie-Obst\u00e9trique et chirurgie gyn\u00e9cologique<\/td><td>02 35 10 90 72 &nbsp;<\/td><\/tr><tr><td><strong>HAOUCHE Ouamar<\/strong><\/td><td>P\u00e9diatrie<\/td><td>02 35 10 91 98<\/td><\/tr><tr><td><strong>GHANNEME Alain<\/strong><strong><\/strong><\/td><td>Chirurgie digestive<\/td><td>02 35 10 27 29<\/td><\/tr><tr><td><strong>ROULLEE Nicolas<\/strong><\/td><td>Chirurgie digestive<\/td><td>02 35 10 00 87<\/td><\/tr><tr><td><strong>RUBIN<strong>S<\/strong>TENN Eva<\/strong><\/td><td>Chirurgie orthop\u00e9dique<\/td><td>02 35 10 27 46<\/td><\/tr><tr><td><strong>KHALIFE Wiam<\/strong> <\/td><td>HAD<\/td><td>02 35 10 91 30<\/td><\/tr><tr><td><strong>MATUSSIERE Marc&nbsp;&nbsp;&nbsp;&nbsp;&nbsp;&nbsp;&nbsp;&nbsp;&nbsp;<\/strong><\/td><td>M\u00e9decine du travail<\/td><td>02 35 10 91 45<\/td><\/tr><tr><td><strong>GRELETY Virginie<\/strong><\/td><td>M\u00e9decin douleur<\/td><td>02 35 10 90 35<\/td><\/tr><\/tbody><\/table><\/figure>\n","protected":false},"excerpt":{"rendered":"<p>NOS MEDECINS NOM PRENOM SERVICE NUMERO DU SECRETARIAT AMELOT PEREZ BENEDICTE Urgences \/ SMUR 02 35 10 90 57 DE OLIVEIRA Adrein Urgences \/ SMUR 02 35 10 90 57 PASCAL Manon Urgences \/ SMUR 02 35 10 90 57 VASSELIN Anatole Urgences \/ SMUR 02 35 10 90 57 BREDEL St\u00e9phanie Urgences \/ SMUR [&hellip;]<\/p>\n","protected":false},"author":9,"featured_media":0,"parent":0,"menu_order":0,"comment_status":"closed","ping_status":"closed","template":"","meta":[],"_links":{"self":[{"href":"https:\/\/www.ch-fecamp.fr\/index.php\/wp-json\/wp\/v2\/pages\/399"}],"collection":[{"href":"https:\/\/www.ch-fecamp.fr\/index.php\/wp-json\/wp\/v2\/pages"}],"about":[{"href":"https:\/\/www.ch-fecamp.fr\/index.php\/wp-json\/wp\/v2\/types\/page"}],"author":[{"embeddable":true,"href":"https:\/\/www.ch-fecamp.fr\/index.php\/wp-json\/wp\/v2\/users\/9"}],"replies":[{"embeddable":true,"href":"https:\/\/www.ch-fecamp.fr\/index.php\/wp-json\/wp\/v2\/comments?post=399"}],"version-history":[{"count":35,"href":"https:\/\/www.ch-fecamp.fr\/index.php\/wp-json\/wp\/v2\/pages\/399\/revisions"}],"predecessor-version":[{"id":4432,"href":"https:\/\/www.ch-fecamp.fr\/index.php\/wp-json\/wp\/v2\/pages\/399\/revisions\/4432"}],"wp:attachment":[{"href":"https:\/\/www.ch-fecamp.fr\/index.php\/wp-json\/wp\/v2\/media?parent=399"}],"curies":[{"name":"wp","href":"https:\/\/api.w.org\/{rel}","templated":true}]}}