{"id":4123,"date":"2023-09-01T14:48:11","date_gmt":"2023-09-01T12:48:11","guid":{"rendered":"https:\/\/www.ch-fecamp.fr\/?page_id=4123"},"modified":"2023-09-01T14:48:12","modified_gmt":"2023-09-01T12:48:12","slug":"service-des-urgences","status":"publish","type":"page","link":"https:\/\/www.ch-fecamp.fr\/index.php\/service-des-urgences\/","title":{"rendered":"Service des Urgences"},"content":{"rendered":"\n<p class=\"has-text-align-left\"><\/p>\n\n\n\n<div class=\"wp-block-columns is-layout-flex wp-container-3\">\n<div class=\"wp-block-column is-layout-flow\">\n<p class=\"has-medium-font-size\"><strong><mark style=\"background-color:rgba(0, 0, 0, 0)\" class=\"has-inline-color has-vivid-cyan-blue-color\">Service des Urgences<\/mark><\/strong><br>Ce service accueille tous types d\u2019urgences, adultes et enfants, 24h\/24h, 7j\/7j, il assure les soins et la r\u00e9alisation d\u2019examens compl\u00e9mentaires en fonction de l\u2019\u00e9tat de sant\u00e9 des patients.<\/p>\n\n\n\n<p class=\"has-medium-font-size\"><strong><mark style=\"background-color:rgba(0, 0, 0, 0)\" class=\"has-inline-color has-vivid-cyan-blue-color\">Service Mobile d\u2019Urgence et de R\u00e9animation &#8211; SMUR<\/mark><\/strong><mark style=\"background-color:rgba(0, 0, 0, 0)\" class=\"has-inline-color has-vivid-cyan-blue-color\"><br><\/mark>Le SMUR de F\u00e9camp est constitu\u00e9 d\u2019une \u00e9quipe compos\u00e9e d\u2019un m\u00e9decin, d\u2019un(e) infirmier(e), et d\u2019un chauffeur ambulancier. Il dispose de moyens lourds de r\u00e9animation, et assure la prise en charge initiale et l\u2019orientation des patients vers la structure adapt\u00e9e, en lien avec le SAMU.<\/p>\n\n\n\n<p><\/p>\n\n\n\n<figure class=\"wp-block-image size-large\"><img decoding=\"async\" loading=\"lazy\" width=\"1024\" height=\"768\" src=\"https:\/\/www.ch-fecamp.fr\/wp-content\/uploads\/2023\/09\/Urgences-1024x768.jpg\" alt=\"\" class=\"wp-image-4124\" srcset=\"https:\/\/www.ch-fecamp.fr\/wp-content\/uploads\/2023\/09\/Urgences-1024x768.jpg 1024w, https:\/\/www.ch-fecamp.fr\/wp-content\/uploads\/2023\/09\/Urgences-300x225.jpg 300w, https:\/\/www.ch-fecamp.fr\/wp-content\/uploads\/2023\/09\/Urgences-768x576.jpg 768w, https:\/\/www.ch-fecamp.fr\/wp-content\/uploads\/2023\/09\/Urgences-510x382.jpg 510w, https:\/\/www.ch-fecamp.fr\/wp-content\/uploads\/2023\/09\/Urgences-1080x810.jpg 1080w, https:\/\/www.ch-fecamp.fr\/wp-content\/uploads\/2023\/09\/Urgences.jpg 1280w\" sizes=\"(max-width: 1024px) 100vw, 1024px\" \/><\/figure>\n<\/div>\n\n\n\n<div class=\"wp-block-column is-layout-flow\">\n<p class=\"has-medium-font-size\"><strong><mark style=\"background-color:rgba(0, 0, 0, 0)\" class=\"has-inline-color has-vivid-cyan-blue-color\">Unit\u00e9 d\u2019Hospitalisation de Courte Dur\u00e9e (4 lits)<\/mark><\/strong><br>Cette unit\u00e9 de quatre lits d\u00e9pend du service des urgences, elle prend en charge les patients adultes dont l\u2019\u00e9tat de sant\u00e9 n\u00e9cessite une mise en observation, un compl\u00e9ment d\u2019examens ou une surveillance.<br>Les patients peuvent \u00eatre transf\u00e9r\u00e9s dans une autre unit\u00e9 ou retourner \u00e0 domicile apr\u00e8s le s\u00e9jour en UHCD.<\/p>\n\n\n\n<p class=\"has-medium-font-size\"><strong><mark style=\"background-color:rgba(0, 0, 0, 0)\" class=\"has-inline-color has-vivid-cyan-blue-color\">Unit\u00e9 d\u2019Hospitalisation Post-Urgences (6 lits)<\/mark><\/strong><br>Cette unit\u00e9 de six lits permet d\u2019anticiper les pics \u00e9pid\u00e9miques et les tensions de lits qui en d\u00e9coulent.<br>L\u2019UHPU est organis\u00e9e de la fa\u00e7on suivante :<br>&#8211; Fait partie d\u2019une seule fili\u00e8re de soins : Urgences-SMUR-UHCD-UHPU,<br>&#8211; Staff commun des urgences le matin,<br>&#8211; Localis\u00e9e au 3\u00e8me \u00e9tage sur une unit\u00e9 de 10 lits : 6 lits UHPU et 4 lits UHCD avec modularit\u00e9 selon les besoins.<\/p>\n<\/div>\n<\/div>\n","protected":false},"excerpt":{"rendered":"<p>Service des UrgencesCe service accueille tous types d\u2019urgences, adultes et enfants, 24h\/24h, 7j\/7j, il assure les soins et la r\u00e9alisation d\u2019examens compl\u00e9mentaires en fonction de l\u2019\u00e9tat de sant\u00e9 des patients. Service Mobile d\u2019Urgence et de R\u00e9animation &#8211; SMURLe SMUR de F\u00e9camp est constitu\u00e9 d\u2019une \u00e9quipe compos\u00e9e d\u2019un m\u00e9decin, d\u2019un(e) infirmier(e), et d\u2019un chauffeur ambulancier. Il [&hellip;]<\/p>\n","protected":false},"author":9,"featured_media":0,"parent":0,"menu_order":0,"comment_status":"closed","ping_status":"closed","template":"","meta":[],"_links":{"self":[{"href":"https:\/\/www.ch-fecamp.fr\/index.php\/wp-json\/wp\/v2\/pages\/4123"}],"collection":[{"href":"https:\/\/www.ch-fecamp.fr\/index.php\/wp-json\/wp\/v2\/pages"}],"about":[{"href":"https:\/\/www.ch-fecamp.fr\/index.php\/wp-json\/wp\/v2\/types\/page"}],"author":[{"embeddable":true,"href":"https:\/\/www.ch-fecamp.fr\/index.php\/wp-json\/wp\/v2\/users\/9"}],"replies":[{"embeddable":true,"href":"https:\/\/www.ch-fecamp.fr\/index.php\/wp-json\/wp\/v2\/comments?post=4123"}],"version-history":[{"count":3,"href":"https:\/\/www.ch-fecamp.fr\/index.php\/wp-json\/wp\/v2\/pages\/4123\/revisions"}],"predecessor-version":[{"id":4127,"href":"https:\/\/www.ch-fecamp.fr\/index.php\/wp-json\/wp\/v2\/pages\/4123\/revisions\/4127"}],"wp:attachment":[{"href":"https:\/\/www.ch-fecamp.fr\/index.php\/wp-json\/wp\/v2\/media?parent=4123"}],"curies":[{"name":"wp","href":"https:\/\/api.w.org\/{rel}","templated":true}]}}