{"id":4140,"date":"2023-09-01T15:22:28","date_gmt":"2023-09-01T13:22:28","guid":{"rendered":"https:\/\/www.ch-fecamp.fr\/?page_id=4140"},"modified":"2023-11-28T12:13:24","modified_gmt":"2023-11-28T11:13:24","slug":"consultations-medicales","status":"publish","type":"page","link":"https:\/\/www.ch-fecamp.fr\/index.php\/consultations-medicales\/","title":{"rendered":"M\u00e9decines Sp\u00e9cialis\u00e9es"},"content":{"rendered":"\n<div class=\"wp-block-columns is-layout-flex wp-container-3\">\n<div class=\"wp-block-column is-layout-flow\">\n<ul>\n<li>Dermatologie<\/li>\n\n\n\n<li>N\u00e9phrologie<\/li>\n\n\n\n<li>Neurologie (EEG Electroenc\u00e9phalogramme)<\/li>\n\n\n\n<li>ORL (Audiogramme, Imp\u00e9dancem\u00e9trie, Oto\u00e9missions, PEAA (Potentiel Evoqu\u00e9 Auditif Automatis\u00e9))<\/li>\n\n\n\n<li>Pneumologie (EFR (Exploration Fonctionnelle Respiratoire), Examen polygraphique ventilatoire, Gaz du sang, Oxym\u00e9trie nocturne, Test de marche)<\/li>\n\n\n\n<li>Rhumatologie \n<ul>\n<li><strong>T\u00e9l\u00a0: 02 35 10 90 38<\/strong><\/li>\n<\/ul>\n<\/li>\n\n\n\n<li>Douleurs Chroniques\u00a0: <strong>02 35 10 90 35<\/strong><\/li>\n<\/ul>\n\n\n\n<ul>\n<li>Centre bucco-dentaire : 02 77 24 00 61 (urgences uniquement)<\/li>\n<\/ul>\n<\/div>\n\n\n\n<div class=\"wp-block-column is-layout-flow\">\n<ul>\n<li>Cardiologie&nbsp;:<\/li>\n\n\n\n<li>Contr\u00f4le pace maker et d\u00e9fibrillateur, ECG (Electrocardiogramme),\u00a0Echographie cardiaque, Epreuve d\u2019effort, ETO (Echographie Trans- \u0152sophagienne, Holter ECG, MAPA (Mesure Autonome de la Pression Art\u00e9rielle), Tilt test<\/li>\n\n\n\n<li>Diab\u00e9tologie endocrinologie<\/li>\n\n\n\n<li>H\u00f4pital de jour diab\u00e9tologie\n<ul>\n<li><strong>T\u00e9l : 02 35 10 91 25<\/strong><\/li>\n<\/ul>\n<\/li>\n<\/ul>\n\n\n\n<ul>\n<li>Di\u00e9t\u00e9tique : 02 35 10 90 41<\/li>\n\n\n\n<li>Oncologie : 02 35 10 92 23<\/li>\n<\/ul>\n\n\n\n<figure class=\"wp-block-image size-full\"><img decoding=\"async\" loading=\"lazy\" width=\"465\" height=\"436\" src=\"https:\/\/www.ch-fecamp.fr\/wp-content\/uploads\/2023\/09\/image-1.png\" alt=\"\" class=\"wp-image-4142\" srcset=\"https:\/\/www.ch-fecamp.fr\/wp-content\/uploads\/2023\/09\/image-1.png 465w, https:\/\/www.ch-fecamp.fr\/wp-content\/uploads\/2023\/09\/image-1-300x281.png 300w\" sizes=\"(max-width: 465px) 100vw, 465px\" \/><\/figure>\n<\/div>\n<\/div>\n","protected":false},"excerpt":{"rendered":"","protected":false},"author":9,"featured_media":0,"parent":0,"menu_order":0,"comment_status":"closed","ping_status":"closed","template":"","meta":[],"_links":{"self":[{"href":"https:\/\/www.ch-fecamp.fr\/index.php\/wp-json\/wp\/v2\/pages\/4140"}],"collection":[{"href":"https:\/\/www.ch-fecamp.fr\/index.php\/wp-json\/wp\/v2\/pages"}],"about":[{"href":"https:\/\/www.ch-fecamp.fr\/index.php\/wp-json\/wp\/v2\/types\/page"}],"author":[{"embeddable":true,"href":"https:\/\/www.ch-fecamp.fr\/index.php\/wp-json\/wp\/v2\/users\/9"}],"replies":[{"embeddable":true,"href":"https:\/\/www.ch-fecamp.fr\/index.php\/wp-json\/wp\/v2\/comments?post=4140"}],"version-history":[{"count":5,"href":"https:\/\/www.ch-fecamp.fr\/index.php\/wp-json\/wp\/v2\/pages\/4140\/revisions"}],"predecessor-version":[{"id":4266,"href":"https:\/\/www.ch-fecamp.fr\/index.php\/wp-json\/wp\/v2\/pages\/4140\/revisions\/4266"}],"wp:attachment":[{"href":"https:\/\/www.ch-fecamp.fr\/index.php\/wp-json\/wp\/v2\/media?parent=4140"}],"curies":[{"name":"wp","href":"https:\/\/api.w.org\/{rel}","templated":true}]}}