{"id":4165,"date":"2023-09-05T14:36:02","date_gmt":"2023-09-05T12:36:02","guid":{"rendered":"https:\/\/www.ch-fecamp.fr\/?page_id=4165"},"modified":"2025-12-16T16:02:43","modified_gmt":"2025-12-16T15:02:43","slug":"gynecologie-obstetrique","status":"publish","type":"page","link":"https:\/\/www.ch-fecamp.fr\/index.php\/gynecologie-obstetrique\/","title":{"rendered":"Gyn\u00e9cologie Obst\u00e9trique"},"content":{"rendered":"\n<figure class=\"wp-block-video\"><video controls src=\"https:\/\/www.ch-fecamp.fr\/wp-content\/uploads\/2025\/03\/Video-Maternite-Version-WEB.mp4\"><\/video><\/figure>\n\n\n\n<div class=\"wp-block-columns is-layout-flex wp-container-3\">\n<div class=\"wp-block-column is-layout-flow\">\n<p class=\"has-medium-font-size\"><strong><mark style=\"background-color:rgba(0, 0, 0, 0)\" class=\"has-inline-color has-vivid-cyan-blue-color\">Maternit\u00e9<\/mark><\/strong><\/p>\n\n\n\n<p>La Maternit\u00e9 de F\u00e9camp vous propose un accueil 24h\/24.<\/p>\n\n\n\n<p>Tout au long de votre grossesse, une \u00e9quipe comp\u00e9tente, \u00e0 votre \u00e9coute, vous guidera jusqu\u2019\u00e0 la naissance de votre enfant.<\/p>\n\n\n\n<p>&nbsp;La Maternit\u00e9 dispose&nbsp;:<\/p>\n\n\n\n<ul>\n<li>3 salles de naissances dont 1 salle nature ouverte en 2021<\/li>\n\n\n\n<li>1 salle de pr\u00e9paration \u00e0 la naissance<\/li>\n\n\n\n<li>3 chambres de pr\u00e9-travail<\/li>\n<\/ul>\n\n\n\n<p>Un bloc op\u00e9ratoire avec une salle de r\u00e9veil qui dispose d\u2019un \u00e9quipement complet pour la chirurgie gyn\u00e9cologique et obst\u00e9tricale.<\/p>\n\n\n\n<p>Le suivi de la grossesse est r\u00e9alis\u00e9 par les Gyn\u00e9cologues Obst\u00e9triciens et les Sages-femmes.<\/p>\n\n\n\n<p>Une \u00e9quipe de Sages-femmes assure les consultations sp\u00e9cialis\u00e9es.<\/p>\n\n\n\n<p>Diverses consultations vous sont propos\u00e9es par le service Maternit\u00e9-Gyn\u00e9cologie :<\/p>\n\n\n\n<ul>\n<li>Tabacologie<\/li>\n\n\n\n<li>Allaitement<\/li>\n\n\n\n<li>Echographie<\/li>\n\n\n\n<li>Entretien individuel au 4 \u00e8me mois de la grossesse<\/li>\n\n\n\n<li>Gyn\u00e9cologie<\/li>\n\n\n\n<li>Pr\u00e9paration \u00e0 la naissance<\/li>\n\n\n\n<li>R\u00e9\u00e9ducation p\u00e9rin\u00e9ale<\/li>\n<\/ul>\n\n\n\n<p><strong>Pour prendre rendez-vous veuillez contacter le secr\u00e9tariat au<\/strong> <strong>02 35 10 90 72 ou 02 35 10 90 73<\/strong><\/p>\n\n\n\n<figure class=\"wp-block-image size-full\"><img decoding=\"async\" loading=\"lazy\" width=\"585\" height=\"211\" src=\"https:\/\/www.ch-fecamp.fr\/wp-content\/uploads\/2023\/09\/image-3.png\" alt=\"\" class=\"wp-image-4172\" srcset=\"https:\/\/www.ch-fecamp.fr\/wp-content\/uploads\/2023\/09\/image-3.png 585w, https:\/\/www.ch-fecamp.fr\/wp-content\/uploads\/2023\/09\/image-3-300x108.png 300w\" sizes=\"(max-width: 585px) 100vw, 585px\" \/><\/figure>\n\n\n\n<p><\/p>\n<\/div>\n\n\n\n<div class=\"wp-block-column is-layout-flow\">\n<p class=\"has-medium-font-size\"><mark style=\"background-color:rgba(0, 0, 0, 0)\" class=\"has-inline-color has-vivid-cyan-blue-color\"><strong>Chirurgie Gyn\u00e9cologique<\/strong><\/mark><\/p>\n\n\n\n<p>Les gyn\u00e9cologues vous proposent une prise en charge de toutes les affections gyn\u00e9cologiques, la chirurgie des pathologies de l\u2019appareil g\u00e9nital.<\/p>\n\n\n\n<p>L\u2019\u00e9quipe du bloc op\u00e9ratoire accorde une grande importance dans votre prise en charge afin d\u2019assurer s\u00e9curit\u00e9, confort et qualit\u00e9.<\/p>\n\n\n\n<figure class=\"wp-block-image size-full is-resized\"><img decoding=\"async\" loading=\"lazy\" src=\"https:\/\/www.ch-fecamp.fr\/wp-content\/uploads\/2023\/09\/image-2.png\" alt=\"\" class=\"wp-image-4169\" width=\"383\" height=\"377\" srcset=\"https:\/\/www.ch-fecamp.fr\/wp-content\/uploads\/2023\/09\/image-2.png 551w, https:\/\/www.ch-fecamp.fr\/wp-content\/uploads\/2023\/09\/image-2-300x296.png 300w\" sizes=\"(max-width: 383px) 100vw, 383px\" \/><\/figure>\n\n\n\n<p><mark style=\"background-color:rgba(0, 0, 0, 0)\" class=\"has-inline-color has-vivid-cyan-blue-color\"><strong>Orthog\u00e9nie (IVG)<\/strong><\/mark><\/p>\n\n\n\n<p>La Maternit\u00e9 de F\u00e9camp a pour mission d&rsquo;accueillir toutes les femmes en demande d&rsquo;interruption volontaire de grossesse. Elle vous permet la r\u00e9alisation des IVG par voie m\u00e9dicamenteuse jusqu\u2019\u00e0 9 semaines d\u2019am\u00e9norrh\u00e9es (7 semaines de grossesse) ou par voie chirurgicale sous anesth\u00e9sie g\u00e9n\u00e9rale ou locale jusqu\u2019\u00e0 14 semaines d\u2019am\u00e9norrh\u00e9es (12 semaines de grossesse).<\/p>\n\n\n\n<p>Tout savoir sur l\u2019IVG : <a href=\"http:\/\/ivg.gouv.fr\/\">http:\/\/ivg.gouv.fr\/<\/a><\/p>\n\n\n\n<p><strong>Contact et prise de rendez-vous au :<\/strong><\/p>\n\n\n\n<p>02 35 10 90 72 ou 02 35 10 90 73<\/p>\n<\/div>\n<\/div>\n","protected":false},"excerpt":{"rendered":"<p>Maternit\u00e9 La Maternit\u00e9 de F\u00e9camp vous propose un accueil 24h\/24. Tout au long de votre grossesse, une \u00e9quipe comp\u00e9tente, \u00e0 votre \u00e9coute, vous guidera jusqu\u2019\u00e0 la naissance de votre enfant. &nbsp;La Maternit\u00e9 dispose&nbsp;: Un bloc op\u00e9ratoire avec une salle de r\u00e9veil qui dispose d\u2019un \u00e9quipement complet pour la chirurgie gyn\u00e9cologique et obst\u00e9tricale. Le suivi de [&hellip;]<\/p>\n","protected":false},"author":9,"featured_media":0,"parent":0,"menu_order":0,"comment_status":"closed","ping_status":"closed","template":"","meta":[],"_links":{"self":[{"href":"https:\/\/www.ch-fecamp.fr\/index.php\/wp-json\/wp\/v2\/pages\/4165"}],"collection":[{"href":"https:\/\/www.ch-fecamp.fr\/index.php\/wp-json\/wp\/v2\/pages"}],"about":[{"href":"https:\/\/www.ch-fecamp.fr\/index.php\/wp-json\/wp\/v2\/types\/page"}],"author":[{"embeddable":true,"href":"https:\/\/www.ch-fecamp.fr\/index.php\/wp-json\/wp\/v2\/users\/9"}],"replies":[{"embeddable":true,"href":"https:\/\/www.ch-fecamp.fr\/index.php\/wp-json\/wp\/v2\/comments?post=4165"}],"version-history":[{"count":10,"href":"https:\/\/www.ch-fecamp.fr\/index.php\/wp-json\/wp\/v2\/pages\/4165\/revisions"}],"predecessor-version":[{"id":4492,"href":"https:\/\/www.ch-fecamp.fr\/index.php\/wp-json\/wp\/v2\/pages\/4165\/revisions\/4492"}],"wp:attachment":[{"href":"https:\/\/www.ch-fecamp.fr\/index.php\/wp-json\/wp\/v2\/media?parent=4165"}],"curies":[{"name":"wp","href":"https:\/\/api.w.org\/{rel}","templated":true}]}}