{"id":4177,"date":"2023-09-05T15:02:24","date_gmt":"2023-09-05T13:02:24","guid":{"rendered":"https:\/\/www.ch-fecamp.fr\/?page_id=4177"},"modified":"2025-04-02T11:22:38","modified_gmt":"2025-04-02T09:22:38","slug":"pediatrie","status":"publish","type":"page","link":"https:\/\/www.ch-fecamp.fr\/index.php\/pediatrie\/","title":{"rendered":"P\u00e9diatrie"},"content":{"rendered":"\n<div class=\"wp-block-columns is-layout-flex wp-container-2\">\n<div class=\"wp-block-column is-layout-flow\">\n<p>Le service de P\u00e9diatrie accueille 24h\/24 l\u2019enfant du premier \u00e2ge \u00e0 l\u2019adolescent jusqu\u2019\u00e0 18 ans.<\/p>\n\n\n\n<p><br>L\u2019hospitalisation pour un enfant est toujours un moment de stress, de perte de rep\u00e8res, c\u2019est pourquoi le service de p\u00e9diatrie du Centre Hospitalier de F\u00e9camp met tout en \u0153uvre pour accueillir les enfants dans les meilleures conditions. Les enfants \u00e2g\u00e9s, sont accueillis pour diff\u00e9rentes pathologies (infections, bronchiolites, asthme, gastro-ent\u00e9rites, traumatismes, mal \u00eatre de l\u2019adolescent, protection de l\u2019enfance\u2026), et \u00e9galement en externe avec prise de rendez-vous.<\/p>\n\n\n\n<p><br>Le service dispose \u00e9galement de deux chambres m\u00e8res enfants pour accueillir b\u00e9b\u00e9 et maman en cas de besoin apr\u00e8s l\u2019accouchement, et deux chambres \u00ab surveillance b\u00e9b\u00e9 \u00bb pour la prise en charge de b\u00e9b\u00e9 \u00e0 la naissance s\u2019il n\u00e9cessite des soins aigus.<\/p>\n\n\n\n<p>Pour faciliter le rep\u00e8re des enfants au niveau de leur chambre, et pour \u00e9gayer le lieu de vie, des peintures dans une partie du couloir, sur les portes des chambres et dans les chambres ont \u00e9t\u00e9 r\u00e9alis\u00e9es. Les chambres sont \u00e9quip\u00e9es de t\u00e9l\u00e9viseurs avec lecteur de DVD int\u00e9gr\u00e9.<\/p>\n\n\n\n<p>De plus, les lundis, mercredis et vendredis de 8h00 \u00e0 15h00, vous pouvez sur rendez-vous, faire r\u00e9aliser les soins externes infirmiers de votre enfant tels que prise de sang, ECBU, ECG, ablation de fils\/agrafes etc par une infirmi\u00e8re du service de P\u00e9diatrie. Avec mise en pratique de la co-analg\u00e9sie : utilisation de m\u00e9thodes de distraction dans un but analg\u00e9sique lors d\u2019un soin douloureux (MEOPA, hypnose conversationnelle, jeux, patch cr\u00e8me anesth\u00e9siant.<\/p>\n\n\n\n<p><br><strong>Pour prendre rendez-vous veuillez contacter le secr\u00e9tariat au 02 35 10 91 98.<\/strong><\/p>\n\n\n\n<figure class=\"wp-block-image size-full\"><img decoding=\"async\" loading=\"lazy\" width=\"758\" height=\"740\" src=\"https:\/\/www.ch-fecamp.fr\/wp-content\/uploads\/2023\/09\/image-6.png\" alt=\"\" class=\"wp-image-4183\" srcset=\"https:\/\/www.ch-fecamp.fr\/wp-content\/uploads\/2023\/09\/image-6.png 758w, https:\/\/www.ch-fecamp.fr\/wp-content\/uploads\/2023\/09\/image-6-300x293.png 300w\" sizes=\"(max-width: 758px) 100vw, 758px\" \/><\/figure>\n<\/div>\n<\/div>\n\n\n\n<p><br><\/p>\n","protected":false},"excerpt":{"rendered":"<p>Le service de P\u00e9diatrie accueille 24h\/24 l\u2019enfant du premier \u00e2ge \u00e0 l\u2019adolescent jusqu\u2019\u00e0 18 ans. L\u2019hospitalisation pour un enfant est toujours un moment de stress, de perte de rep\u00e8res, c\u2019est pourquoi le service de p\u00e9diatrie du Centre Hospitalier de F\u00e9camp met tout en \u0153uvre pour accueillir les enfants dans les meilleures conditions. Les enfants \u00e2g\u00e9s, [&hellip;]<\/p>\n","protected":false},"author":9,"featured_media":0,"parent":0,"menu_order":0,"comment_status":"closed","ping_status":"closed","template":"","meta":[],"_links":{"self":[{"href":"https:\/\/www.ch-fecamp.fr\/index.php\/wp-json\/wp\/v2\/pages\/4177"}],"collection":[{"href":"https:\/\/www.ch-fecamp.fr\/index.php\/wp-json\/wp\/v2\/pages"}],"about":[{"href":"https:\/\/www.ch-fecamp.fr\/index.php\/wp-json\/wp\/v2\/types\/page"}],"author":[{"embeddable":true,"href":"https:\/\/www.ch-fecamp.fr\/index.php\/wp-json\/wp\/v2\/users\/9"}],"replies":[{"embeddable":true,"href":"https:\/\/www.ch-fecamp.fr\/index.php\/wp-json\/wp\/v2\/comments?post=4177"}],"version-history":[{"count":5,"href":"https:\/\/www.ch-fecamp.fr\/index.php\/wp-json\/wp\/v2\/pages\/4177\/revisions"}],"predecessor-version":[{"id":4450,"href":"https:\/\/www.ch-fecamp.fr\/index.php\/wp-json\/wp\/v2\/pages\/4177\/revisions\/4450"}],"wp:attachment":[{"href":"https:\/\/www.ch-fecamp.fr\/index.php\/wp-json\/wp\/v2\/media?parent=4177"}],"curies":[{"name":"wp","href":"https:\/\/api.w.org\/{rel}","templated":true}]}}