{"id":4187,"date":"2023-09-05T15:21:34","date_gmt":"2023-09-05T13:21:34","guid":{"rendered":"https:\/\/www.ch-fecamp.fr\/?page_id=4187"},"modified":"2023-09-05T15:21:35","modified_gmt":"2023-09-05T13:21:35","slug":"surveillance-continue","status":"publish","type":"page","link":"https:\/\/www.ch-fecamp.fr\/index.php\/surveillance-continue\/","title":{"rendered":"Surveillance continue"},"content":{"rendered":"\n<div class=\"wp-block-columns is-layout-flex wp-container-3\">\n<div class=\"wp-block-column is-layout-flow\" style=\"flex-basis:66.66%\">\n<p>Cette unit\u00e9 de sept lits prend en charge les patients n\u00e9cessitant des soins techniques avec une surveillance rapproch\u00e9e.<\/p>\n\n\n\n<p>Les patients suivis dans le service pr\u00e9sentent des d\u00e9compensations cardiologiques, respiratoires ou toutes autres alt\u00e9rations importantes de leur \u00e9tat de sant\u00e9. Ils peuvent \u00e9galement \u00eatre accueillis en post-op\u00e9ratoire de chirurgie.<\/p>\n\n\n\n<p>La prise en charge m\u00e9dicale est assur\u00e9e par un m\u00e9decin anesth\u00e9siste r\u00e9animateur pr\u00e9sent 24h\/24h, et par un cardiologue.<\/p>\n<\/div>\n\n\n\n<div class=\"wp-block-column is-layout-flow\" style=\"flex-basis:33.33%\">\n<figure class=\"wp-block-image size-full is-resized\"><img decoding=\"async\" loading=\"lazy\" src=\"https:\/\/www.ch-fecamp.fr\/wp-content\/uploads\/2023\/09\/image-7.png\" alt=\"\" class=\"wp-image-4188\" width=\"350\" height=\"314\" srcset=\"https:\/\/www.ch-fecamp.fr\/wp-content\/uploads\/2023\/09\/image-7.png 335w, https:\/\/www.ch-fecamp.fr\/wp-content\/uploads\/2023\/09\/image-7-300x270.png 300w\" sizes=\"(max-width: 350px) 100vw, 350px\" \/><\/figure>\n<\/div>\n<\/div>\n","protected":false},"excerpt":{"rendered":"<p>Cette unit\u00e9 de sept lits prend en charge les patients n\u00e9cessitant des soins techniques avec une surveillance rapproch\u00e9e. Les patients suivis dans le service pr\u00e9sentent des d\u00e9compensations cardiologiques, respiratoires ou toutes autres alt\u00e9rations importantes de leur \u00e9tat de sant\u00e9. Ils peuvent \u00e9galement \u00eatre accueillis en post-op\u00e9ratoire de chirurgie. La prise en charge m\u00e9dicale est assur\u00e9e [&hellip;]<\/p>\n","protected":false},"author":9,"featured_media":0,"parent":0,"menu_order":0,"comment_status":"closed","ping_status":"closed","template":"","meta":[],"_links":{"self":[{"href":"https:\/\/www.ch-fecamp.fr\/index.php\/wp-json\/wp\/v2\/pages\/4187"}],"collection":[{"href":"https:\/\/www.ch-fecamp.fr\/index.php\/wp-json\/wp\/v2\/pages"}],"about":[{"href":"https:\/\/www.ch-fecamp.fr\/index.php\/wp-json\/wp\/v2\/types\/page"}],"author":[{"embeddable":true,"href":"https:\/\/www.ch-fecamp.fr\/index.php\/wp-json\/wp\/v2\/users\/9"}],"replies":[{"embeddable":true,"href":"https:\/\/www.ch-fecamp.fr\/index.php\/wp-json\/wp\/v2\/comments?post=4187"}],"version-history":[{"count":1,"href":"https:\/\/www.ch-fecamp.fr\/index.php\/wp-json\/wp\/v2\/pages\/4187\/revisions"}],"predecessor-version":[{"id":4189,"href":"https:\/\/www.ch-fecamp.fr\/index.php\/wp-json\/wp\/v2\/pages\/4187\/revisions\/4189"}],"wp:attachment":[{"href":"https:\/\/www.ch-fecamp.fr\/index.php\/wp-json\/wp\/v2\/media?parent=4187"}],"curies":[{"name":"wp","href":"https:\/\/api.w.org\/{rel}","templated":true}]}}