{"id":4408,"date":"2024-09-18T14:27:11","date_gmt":"2024-09-18T12:27:11","guid":{"rendered":"https:\/\/www.ch-fecamp.fr\/?page_id=4408"},"modified":"2024-09-18T14:27:12","modified_gmt":"2024-09-18T12:27:12","slug":"mon-espace-sante","status":"publish","type":"page","link":"https:\/\/www.ch-fecamp.fr\/index.php\/mon-espace-sante\/","title":{"rendered":"Mon espace sant\u00e9"},"content":{"rendered":"\n<p>Depuis 2022, le Dossier M\u00e9dical Partag\u00e9 (DMP) a \u00e9t\u00e9 int\u00e9gr\u00e9 \u00e0 l\u2019Espace Num\u00e9rique de Sant\u00e9 (ENS, aussi appel\u00e9 \u00ab Mon espace sant\u00e9 \u00bb).<\/p>\n\n\n\n<p>Tous les assur\u00e9s sociaux, sauf ceux qui s\u2019y sont oppos\u00e9s, disposent d\u2019un profil Mon espace sant\u00e9.<\/p>\n\n\n\n<p>L\u2019espace num\u00e9rique s\u00e9curis\u00e9, propos\u00e9 par le service public, permet de stocker et partager des documents et donn\u00e9es de sant\u00e9 en toute confidentialit\u00e9.<\/p>\n\n\n\n<p>Le <a><\/a>Centre Hospitalier de F\u00e9camp s\u2019engage dans la<\/p>\n\n\n\n<p>d\u00e9marche qui a pour objectif d\u2019aider les patients \u00e0<\/p>\n\n\n\n<p>mieux g\u00e9rer leur suivi m\u00e9dical et \u00e0 \u00eatre d\u2019avantage<\/p>\n\n\n\n<p>acteurs de leur sant\u00e9.<\/p>\n\n\n\n<p>Pour activer mon espace sant\u00e9, rendez-vous sur : <a href=\"https:\/\/www.monespacesante.fr\/?fbclid=IwZXh0bgNhZW0CMTAAAR17J4aL1xwGrwJ2-CGo8Vzefy6m6zKzweSv2Yq46PMjUE5vOtaFOT5N30I_aem_M7qTw0csfSAa_8XFKHNEYw\" rel=\"noreferrer noopener\" target=\"_blank\">https:\/\/www.monespacesante.fr\/<\/a><\/p>\n\n\n<div class=\"wp-block-image\">\n<figure class=\"aligncenter size-large\"><img decoding=\"async\" loading=\"lazy\" width=\"724\" height=\"1024\" src=\"https:\/\/www.ch-fecamp.fr\/wp-content\/uploads\/2024\/09\/QUA-2425-V2-INFORMATION-Mon-espace-sante-affiche_page-0001-724x1024.jpg\" alt=\"\" class=\"wp-image-4409\" srcset=\"https:\/\/www.ch-fecamp.fr\/wp-content\/uploads\/2024\/09\/QUA-2425-V2-INFORMATION-Mon-espace-sante-affiche_page-0001-724x1024.jpg 724w, https:\/\/www.ch-fecamp.fr\/wp-content\/uploads\/2024\/09\/QUA-2425-V2-INFORMATION-Mon-espace-sante-affiche_page-0001-212x300.jpg 212w, https:\/\/www.ch-fecamp.fr\/wp-content\/uploads\/2024\/09\/QUA-2425-V2-INFORMATION-Mon-espace-sante-affiche_page-0001-768x1086.jpg 768w, https:\/\/www.ch-fecamp.fr\/wp-content\/uploads\/2024\/09\/QUA-2425-V2-INFORMATION-Mon-espace-sante-affiche_page-0001-1087x1536.jpg 1087w, https:\/\/www.ch-fecamp.fr\/wp-content\/uploads\/2024\/09\/QUA-2425-V2-INFORMATION-Mon-espace-sante-affiche_page-0001-1449x2048.jpg 1449w, https:\/\/www.ch-fecamp.fr\/wp-content\/uploads\/2024\/09\/QUA-2425-V2-INFORMATION-Mon-espace-sante-affiche_page-0001-1080x1527.jpg 1080w, https:\/\/www.ch-fecamp.fr\/wp-content\/uploads\/2024\/09\/QUA-2425-V2-INFORMATION-Mon-espace-sante-affiche_page-0001.jpg 1755w\" sizes=\"(max-width: 724px) 100vw, 724px\" \/><\/figure><\/div>","protected":false},"excerpt":{"rendered":"<p>Depuis 2022, le Dossier M\u00e9dical Partag\u00e9 (DMP) a \u00e9t\u00e9 int\u00e9gr\u00e9 \u00e0 l\u2019Espace Num\u00e9rique de Sant\u00e9 (ENS, aussi appel\u00e9 \u00ab Mon espace sant\u00e9 \u00bb). Tous les assur\u00e9s sociaux, sauf ceux qui s\u2019y sont oppos\u00e9s, disposent d\u2019un profil Mon espace sant\u00e9. L\u2019espace num\u00e9rique s\u00e9curis\u00e9, propos\u00e9 par le service public, permet de stocker et partager des documents et [&hellip;]<\/p>\n","protected":false},"author":9,"featured_media":0,"parent":0,"menu_order":0,"comment_status":"closed","ping_status":"closed","template":"","meta":[],"_links":{"self":[{"href":"https:\/\/www.ch-fecamp.fr\/index.php\/wp-json\/wp\/v2\/pages\/4408"}],"collection":[{"href":"https:\/\/www.ch-fecamp.fr\/index.php\/wp-json\/wp\/v2\/pages"}],"about":[{"href":"https:\/\/www.ch-fecamp.fr\/index.php\/wp-json\/wp\/v2\/types\/page"}],"author":[{"embeddable":true,"href":"https:\/\/www.ch-fecamp.fr\/index.php\/wp-json\/wp\/v2\/users\/9"}],"replies":[{"embeddable":true,"href":"https:\/\/www.ch-fecamp.fr\/index.php\/wp-json\/wp\/v2\/comments?post=4408"}],"version-history":[{"count":1,"href":"https:\/\/www.ch-fecamp.fr\/index.php\/wp-json\/wp\/v2\/pages\/4408\/revisions"}],"predecessor-version":[{"id":4410,"href":"https:\/\/www.ch-fecamp.fr\/index.php\/wp-json\/wp\/v2\/pages\/4408\/revisions\/4410"}],"wp:attachment":[{"href":"https:\/\/www.ch-fecamp.fr\/index.php\/wp-json\/wp\/v2\/media?parent=4408"}],"curies":[{"name":"wp","href":"https:\/\/api.w.org\/{rel}","templated":true}]}}