{"id":611,"date":"2017-11-13T18:32:38","date_gmt":"2017-11-13T17:32:38","guid":{"rendered":"https:\/\/www.ch-fecamp.fr\/?page_id=611"},"modified":"2024-06-06T12:53:12","modified_gmt":"2024-06-06T10:53:12","slug":"accueil","status":"publish","type":"page","link":"https:\/\/www.ch-fecamp.fr\/","title":{"rendered":"Accueil"},"content":{"rendered":"<p>[et_pb_section fb_built=\u00a0\u00bb1&Prime; _builder_version=\u00a0\u00bb3.0.87&Prime; custom_padding=\u00a0\u00bb54px|0px|3px|0px\u00a0\u00bb custom_css_main_element=\u00a0\u00bbmargin-top: -28px\u00a0\u00bb][et_pb_row make_fullwidth=\u00a0\u00bbon\u00a0\u00bb use_custom_gutter=\u00a0\u00bbon\u00a0\u00bb gutter_width=\u00a0\u00bb1&Prime; custom_padding=\u00a0\u00bb0px|0px|0px|0px\u00a0\u00bb make_equal=\u00a0\u00bbon\u00a0\u00bb custom_css_main_2=\u00a0\u00bbdisplay:flex;||flex-direction:column;||||justify-content:center;\u00a0\u00bb _builder_version=\u00a0\u00bb3.0.87&Prime;][et_pb_column type=\u00a0\u00bb1_2&Prime; _builder_version=\u00a0\u00bb3.0.47&Prime; parallax=\u00a0\u00bboff\u00a0\u00bb parallax_method=\u00a0\u00bbon\u00a0\u00bb][et_pb_image src=\u00a0\u00bbhttps:\/\/www.ch-fecamp.fr\/wp-content\/uploads\/2024\/06\/PHOTO-exterieur-site.png\u00a0\u00bb _builder_version=\u00a0\u00bb3.0.87&Prime;][\/et_pb_image][\/et_pb_column][et_pb_column type=\u00a0\u00bb1_2&Prime; _builder_version=\u00a0\u00bb3.0.47&Prime; parallax=\u00a0\u00bboff\u00a0\u00bb parallax_method=\u00a0\u00bbon\u00a0\u00bb custom_css_main=\u00a0\u00bbdisplay:flex;||flex-direction:column;||||justify-content:center;\u00a0\u00bb][et_pb_text background_layout=\u00a0\u00bbdark\u00a0\u00bb _builder_version=\u00a0\u00bb3.0.87&Prime; text_font=\u00a0\u00bb||||||||\u00a0\u00bb text_text_color=\u00a0\u00bb#ffffff\u00a0\u00bb header_font=\u00a0\u00bb|600|||||||\u00a0\u00bb header_2_font=\u00a0\u00bb|600|||||||\u00a0\u00bb header_2_font_size=\u00a0\u00bb29px\u00a0\u00bb custom_margin=\u00a0\u00bb|||\u00a0\u00bb custom_padding=\u00a0\u00bb10px|10px||10px\u00a0\u00bb locked=\u00a0\u00bboff\u00a0\u00bb]<\/p>\n<h2 style=\"text-align: center;\"><\/h2>\n<h2 style=\"text-align: center;\"><\/h2>\n<h2 style=\"text-align: center;\"><\/h2>\n<h2 style=\"text-align: center;\"><\/h2>\n<h2 style=\"text-align: center;\"><span style=\"color: #000000;\">Bienvenue<\/span><\/h2>\n<p style=\"text-align: justify;\"><span style=\"color: #000000;\">Madame, Monsieur,<\/span><\/p>\n<p style=\"text-align: justify;\"><span style=\"color: #000000;\">Bienvenue sur le site Internet du Centre Hospitalier Intercommunal du Pays des Hautes Falaises qui assure des missions de service public de soins et de prise en charge m\u00e9dico-sociale, conjuguant offre de proximit\u00e9 et niveau de technicit\u00e9 reconnu. Ce site a pour vocation de vous permettre de mieux faire connaissance avec votre h\u00f4pital, \u00e0 travers son fonctionnement et ses services et vous servir de guide pour toutes les informations utiles pour vous-m\u00eame et vos proches et ainsi simplifier vos d\u00e9marches.<\/span><\/p>\n<p style=\"text-align: justify;\"><span style=\"color: #000000;\">Vous pouvez \u00e9galement nous faire part de vos remarques et\/ou suggestions. Vous y retrouverez \u00e9galement des donn\u00e9es d\u2019activit\u00e9 et des informations g\u00e9n\u00e9rales r\u00e9guli\u00e8rement actualis\u00e9es. Si votre \u00e9tat de sant\u00e9 n\u00e9cessite une consultation ou une hospitalisation au Centre Hospitalier Intercommunal, soyez assur\u00e9 que l\u2019ensemble du personnel s\u2019engage \u00e0 tout mettre en \u0153uvre pour vous garantir un accueil personnalis\u00e9 et des soins de qualit\u00e9 dans les meilleures conditions possibles.<\/span><\/p>\n<p style=\"text-align: justify;\"><span style=\"color: #000000;\">N\u2019h\u00e9sitez pas \u00e0 contacter directement les diff\u00e9rents services pour plus de renseignements. En vous remerciant de l\u2019int\u00e9r\u00eat port\u00e9 \u00e0 notre \u00e9tablissement, je vous souhaite au nom de toute la communaut\u00e9 hospitali\u00e8re une bonne et agr\u00e9able visite.<\/span><\/p>\n<p style=\"text-align: right;\"><span style=\"color: #000000;\">Le Directeur, Richard LEFEVRE<\/span><\/p>\n<p style=\"text-align: right;\"><span style=\"color: #ffffff;\"><\/span><\/p>\n<p style=\"text-align: right;\"><span style=\"color: #ffffff;\"><\/span><\/p>\n<p style=\"text-align: right;\"><span style=\"color: #ffffff;\"><\/span><\/p>\n<p style=\"text-align: right;\"><span style=\"color: #ffffff;\"><\/span><\/p>\n<p style=\"text-align: right;\"><span style=\"color: #ffffff;\"><\/span><\/p>\n<p>[\/et_pb_text][et_pb_text _builder_version=\u00a0\u00bb3.0.87&Prime;][\/et_pb_text][et_pb_text _builder_version=\u00a0\u00bb3.0.87&Prime; text_font=\u00a0\u00bb||||||||\u00a0\u00bb ul_font=\u00a0\u00bb||||||||\u00a0\u00bb header_font=\u00a0\u00bb||||||||\u00a0\u00bb header_text_align=\u00a0\u00bbcenter\u00a0\u00bb text_orientation=\u00a0\u00bbcenter\u00a0\u00bb module_alignment=\u00a0\u00bbcenter\u00a0\u00bb custom_margin=\u00a0\u00bb|||\u00a0\u00bb custom_margin_phone=\u00a0\u00bb10px|||\u00a0\u00bb custom_margin_last_edited=\u00a0\u00bbon|desktop\u00a0\u00bb custom_padding=\u00a0\u00bb|20px||20px\u00a0\u00bb custom_padding_phone=\u00a0\u00bb|20px||20px\u00a0\u00bb custom_padding_last_edited=\u00a0\u00bbon|phone\u00a0\u00bb][\/et_pb_text][et_pb_image _builder_version=\u00a0\u00bb3.0.87&Prime;][\/et_pb_image][\/et_pb_column][\/et_pb_row][\/et_pb_section][et_pb_section fb_built=\u00a0\u00bb1&Prime; use_custom_width=\u00a0\u00bbon\u00a0\u00bb width_unit=\u00a0\u00bboff\u00a0\u00bb custom_width_percent=\u00a0\u00bb100%\u00a0\u00bb make_equal=\u00a0\u00bbon\u00a0\u00bb use_custom_gutter=\u00a0\u00bbon\u00a0\u00bb gutter_width=\u00a0\u00bb1&Prime; specialty=\u00a0\u00bbon\u00a0\u00bb parallax_2=\u00a0\u00bbon\u00a0\u00bb parallax_method_2=\u00a0\u00bboff\u00a0\u00bb custom_css_main_2=\u00a0\u00bbdisplay:flex;||flex-direction:column;||align-items:center;||justify-content:center;\u00a0\u00bb _builder_version=\u00a0\u00bb3.0.87&Prime; custom_padding=\u00a0\u00bb0px|0px|0px|0px\u00a0\u00bb][et_pb_column type=\u00a0\u00bb1_2&Prime; _builder_version=\u00a0\u00bb3.0.47&Prime;][et_pb_text _builder_version=\u00a0\u00bb3.0.87&Prime;][\/et_pb_text][et_pb_text _builder_version=\u00a0\u00bb3.0.87&Prime; text_font=\u00a0\u00bb||||||||\u00a0\u00bb ul_font=\u00a0\u00bb||||||||\u00a0\u00bb header_font=\u00a0\u00bb||||||||\u00a0\u00bb header_text_align=\u00a0\u00bbcenter\u00a0\u00bb text_orientation=\u00a0\u00bbcenter\u00a0\u00bb module_alignment=\u00a0\u00bbcenter\u00a0\u00bb custom_margin=\u00a0\u00bb|||\u00a0\u00bb custom_margin_phone=\u00a0\u00bb10px|||\u00a0\u00bb custom_margin_last_edited=\u00a0\u00bbon|desktop\u00a0\u00bb custom_padding=\u00a0\u00bb|20px||20px\u00a0\u00bb custom_padding_phone=\u00a0\u00bb|20px||20px\u00a0\u00bb custom_padding_last_edited=\u00a0\u00bbon|phone\u00a0\u00bb]<\/p>\n<h2>Nos activit\u00e9s m\u00e9dicales<\/h2>\n<p>Notre h\u00f4pital est constitu\u00e9 de trois p\u00f4les de sant\u00e9 pour mieux r\u00e9pondre \u00e0 vos demandes de soins. Voici la composition de ces p\u00f4les[\/et_pb_text][et_pb_blurb title=\u00a0\u00bbP\u00f4le M\u00e9dical Aigu et Consultations\u00a0\u00bb image=\u00a0\u00bbhttps:\/\/www.ch-fecamp.fr\/wp-content\/uploads\/2017\/11\/stethoscope-outline-variant.png\u00a0\u00bb icon_placement=\u00a0\u00bbleft\u00a0\u00bb content_max_width=\u00a0\u00bb1100px\u00a0\u00bb _builder_version=\u00a0\u00bb3.0.87&Prime; header_font=\u00a0\u00bb|600|||||||\u00a0\u00bb header_font_size=\u00a0\u00bb20px\u00a0\u00bb header_text_color=\u00a0\u00bb#395ca3&Prime; custom_margin_last_edited=\u00a0\u00bbon|desktop\u00a0\u00bb custom_padding=\u00a0\u00bb|20px|20px|20px\u00a0\u00bb locked=\u00a0\u00bboff\u00a0\u00bb]<\/p>\n<p style=\"text-align: justify;\"><span style=\"font-size: 14px;\">Urgences, Unit\u00e9 d\u2019Hospitalisation de Courte Dur\u00e9e (UHCD), Unit\u00e9 d\u2019Hospitalisation Post-Urgences (UHPU), M\u00e9decine Polyvalente, M\u00e9decine cardiologique, Court S\u00e9jour G\u00e9riatrique, Oncologie ambulatoire, Hospitalisation A Domicile (HAD), Equipe Mobile de G\u00e9riatrie (EMG), Centre de Soins d\u2019Accompagnements et de Pr\u00e9vention en Addictologie (CSAPA)<\/span><\/p>\n<p>[\/et_pb_blurb][et_pb_blurb title=\u00a0\u00bbP\u00f4le Femme M\u00e8re Enfant et Sp\u00e9cialit\u00e9s\u00a0\u00bb image=\u00a0\u00bbhttps:\/\/www.ch-fecamp.fr\/wp-content\/uploads\/2017\/11\/mother-and-child-with-balloons.png\u00a0\u00bb icon_placement=\u00a0\u00bbleft\u00a0\u00bb content_max_width=\u00a0\u00bb1100px\u00a0\u00bb _builder_version=\u00a0\u00bb3.0.87&Prime; header_font=\u00a0\u00bb|600|||||||\u00a0\u00bb header_font_size=\u00a0\u00bb20px\u00a0\u00bb header_text_color=\u00a0\u00bb#395ca3&Prime; custom_margin_last_edited=\u00a0\u00bbon|desktop\u00a0\u00bb custom_padding=\u00a0\u00bb|20px|20px|20px\u00a0\u00bb locked=\u00a0\u00bboff\u00a0\u00bb]<\/p>\n<p style=\"text-align: justify;\">Bloc obst\u00e9trical, Gyn\u00e9cologie, Obst\u00e9trique, Chirurgie gyn\u00e9cologique, Maternit\u00e9, P\u00e9diatrie,\u00a0Surveillance Continue, Imagerie M\u00e9dicale, IRM,\u00a0 Pharmacie,\u00a0 d\u00e9p\u00f4t de sang, espace deuil, brancardage<\/p>\n<p style=\"text-align: justify;\">\n<p>[\/et_pb_blurb][et_pb_blurb title=\u00a0\u00bbP\u00f4le G\u00e9riatrie\u00a0\u00bb image=\u00a0\u00bbhttps:\/\/www.ch-fecamp.fr\/wp-content\/uploads\/2017\/11\/hand-shake.png\u00a0\u00bb icon_placement=\u00a0\u00bbleft\u00a0\u00bb content_max_width=\u00a0\u00bb1100px\u00a0\u00bb _builder_version=\u00a0\u00bb3.0.87&Prime; header_font=\u00a0\u00bb|600|||||||\u00a0\u00bb header_text_align=\u00a0\u00bbleft\u00a0\u00bb header_font_size=\u00a0\u00bb20px\u00a0\u00bb header_text_color=\u00a0\u00bb#395ca3&Prime; custom_margin_phone=\u00a0\u00bb|||\u00a0\u00bb custom_margin_last_edited=\u00a0\u00bbon|desktop\u00a0\u00bb custom_padding=\u00a0\u00bb|20px||20px\u00a0\u00bb locked=\u00a0\u00bboff\u00a0\u00bb]<\/p>\n<p style=\"text-align: justify;\">Soins de Suite et de R\u00e9adaptation, Centre de G\u00e9rontologie Yvon Lamour (EHPAD + USLD), r\u00e9sidence des Moulins au Roy,\u00a0 r\u00e9sidence du Bois Martel,\u00a0 r\u00e9sidence du Shamrock, accueil de jour Alzheimer et maladies apparent\u00e9es<\/p>\n<p style=\"text-align: justify;\">\n<p style=\"text-align: justify;\">\n<p>[\/et_pb_blurb][et_pb_image src=\u00a0\u00bbhttps:\/\/www.ch-fecamp.fr\/wp-content\/uploads\/2024\/06\/Logo-GCS.png\u00a0\u00bb _builder_version=\u00a0\u00bb3.0.87&Prime; max_width=\u00a0\u00bb11%\u00a0\u00bb module_alignment=\u00a0\u00bbcenter\u00a0\u00bb][\/et_pb_image][et_pb_blurb title=\u00a0\u00bbP\u00f4le de Sant\u00e9 Chirurgical de F\u00e9camp\u00a0\u00bb icon_placement=\u00a0\u00bbleft\u00a0\u00bb content_max_width=\u00a0\u00bb1100px\u00a0\u00bb _builder_version=\u00a0\u00bb3.0.87&Prime; header_font=\u00a0\u00bb|600|||||||\u00a0\u00bb header_text_align=\u00a0\u00bbleft\u00a0\u00bb header_font_size=\u00a0\u00bb20px\u00a0\u00bb header_text_color=\u00a0\u00bb#395ca3&Prime; custom_margin_phone=\u00a0\u00bb|||\u00a0\u00bb custom_margin_last_edited=\u00a0\u00bbon|desktop\u00a0\u00bb custom_padding=\u00a0\u00bb|20px||20px\u00a0\u00bb locked=\u00a0\u00bboff\u00a0\u00bb]<\/p>\n<p style=\"text-align: justify;\">Ophtalmologie,\u00a0Urologie,\u00a0Maxillo-faciale \/ stomatologie,\u00a0ORL,\u00a0Gastro-ent\u00e9rologie, Ortho-traumatologie,\u00a0Chirurgie visc\u00e9rale et, digestive,\u00a0<\/p>\n<p>[\/et_pb_blurb][\/et_pb_column][et_pb_column type=\u00a0\u00bb1_2&Prime; specialty_columns=\u00a0\u00bb2&Prime; _builder_version=\u00a0\u00bb3.0.47&Prime; parallax=\u00a0\u00bbon\u00a0\u00bb parallax_method=\u00a0\u00bboff\u00a0\u00bb custom_css_main=\u00a0\u00bbdisplay:flex;||flex-direction:column;||align-items:center;||justify-content:center;\u00a0\u00bb][et_pb_row_inner custom_padding=\u00a0\u00bb29px|0px|17px|0px\u00a0\u00bb _builder_version=\u00a0\u00bb3.0.87&Prime;][et_pb_column_inner type=\u00a0\u00bb4_4&Prime; saved_specialty_column_type=\u00a0\u00bb1_2&Prime; _builder_version=\u00a0\u00bb3.0.47&Prime; box_shadow_position=\u00a0\u00bbouter\u00a0\u00bb parallax=\u00a0\u00bboff\u00a0\u00bb parallax_method=\u00a0\u00bbon\u00a0\u00bb][et_pb_text _builder_version=\u00a0\u00bb3.0.87&Prime; text_font=\u00a0\u00bb||||||||\u00a0\u00bb text_font_size=\u00a0\u00bb20px\u00a0\u00bb text_text_color=\u00a0\u00bb#001063&Prime; header_font=\u00a0\u00bb|600|||||||\u00a0\u00bb header_text_color=\u00a0\u00bb#395ca3&Prime; text_orientation=\u00a0\u00bbcenter\u00a0\u00bb module_alignment=\u00a0\u00bbcenter\u00a0\u00bb locked=\u00a0\u00bboff\u00a0\u00bb]<\/p>\n<p><span style=\"color: #001263;\"><strong>Facilitez vous la vie avec le paiement en ligne ! Ici gagnez un temps pr\u00e9cieux, r\u00e9glez vos frais et rechargez votre cr\u00e9dit self<\/strong><\/span><\/p>\n<p>[\/et_pb_text][\/et_pb_column_inner][\/et_pb_row_inner][et_pb_row_inner custom_padding=\u00a0\u00bb0px|0px|0px|0px\u00a0\u00bb make_equal=\u00a0\u00bbon\u00a0\u00bb _builder_version=\u00a0\u00bb3.0.87&Prime; max_width=\u00a0\u00bb66%\u00a0\u00bb max_width_tablet=\u00a0\u00bb63%\u00a0\u00bb max_width_phone=\u00a0\u00bb100%\u00a0\u00bb max_width_last_edited=\u00a0\u00bbon|phone\u00a0\u00bb module_alignment=\u00a0\u00bbcenter\u00a0\u00bb custom_margin=\u00a0\u00bb||0px|\u00a0\u00bb custom_margin_tablet=\u00a0\u00bb||10px|\u00a0\u00bb custom_margin_phone=\u00a0\u00bb||10px|\u00a0\u00bb custom_margin_last_edited=\u00a0\u00bbon|phone\u00a0\u00bb locked=\u00a0\u00bboff\u00a0\u00bb][et_pb_column_inner type=\u00a0\u00bb1_2&Prime; saved_specialty_column_type=\u00a0\u00bb1_2&Prime; _builder_version=\u00a0\u00bb3.0.47&Prime; box_shadow_position=\u00a0\u00bbouter\u00a0\u00bb parallax=\u00a0\u00bboff\u00a0\u00bb parallax_method=\u00a0\u00bbon\u00a0\u00bb][et_pb_button button_url=\u00a0\u00bbhttps:\/\/services.mipih.fr\/paiement\/pl\/index.html?clef=cdedd0b66f867a1b3d9eb65afaf3f36ac5e86d84#titre\u00a0\u00bb url_new_window=\u00a0\u00bbon\u00a0\u00bb button_text=\u00a0\u00bbR\u00e9glement Patient\u00a0\u00bb button_alignment=\u00a0\u00bbcenter\u00a0\u00bb _builder_version=\u00a0\u00bb3.0.87&Prime; custom_margin=\u00a0\u00bb||10px|\u00a0\u00bb custom_button=\u00a0\u00bbon\u00a0\u00bb button_text_color=\u00a0\u00bb#ffffff\u00a0\u00bb button_bg_color=\u00a0\u00bb#c0392b\u00a0\u00bb button_border_color=\u00a0\u00bb#c0392b\u00a0\u00bb button_font=\u00a0\u00bb||||||||\u00a0\u00bb][\/et_pb_button][\/et_pb_column_inner][et_pb_column_inner type=\u00a0\u00bb1_2&Prime; saved_specialty_column_type=\u00a0\u00bb1_2&Prime; _builder_version=\u00a0\u00bb3.0.47&Prime; box_shadow_position=\u00a0\u00bbouter\u00a0\u00bb parallax=\u00a0\u00bboff\u00a0\u00bb parallax_method=\u00a0\u00bbon\u00a0\u00bb][et_pb_button button_url=\u00a0\u00bbhttps:\/\/www.popandpay.com\/index.php?site=CHFECAMP\u00a0\u00bb url_new_window=\u00a0\u00bbon\u00a0\u00bb button_text=\u00a0\u00bbRechargement Self\u00a0\u00bb button_alignment=\u00a0\u00bbcenter\u00a0\u00bb _builder_version=\u00a0\u00bb3.0.87&Prime; custom_margin_phone=\u00a0\u00bb||10px|\u00a0\u00bb custom_margin_last_edited=\u00a0\u00bbon|desktop\u00a0\u00bb custom_button=\u00a0\u00bbon\u00a0\u00bb button_text_color=\u00a0\u00bb#ffffff\u00a0\u00bb button_bg_color=\u00a0\u00bb#2a4987&Prime; button_border_color=\u00a0\u00bb#2a4987&Prime;][\/et_pb_button][\/et_pb_column_inner][\/et_pb_row_inner][et_pb_row_inner custom_padding=\u00a0\u00bb0px|0px|0px|0px\u00a0\u00bb _builder_version=\u00a0\u00bb3.0.87&Prime;][et_pb_column_inner type=\u00a0\u00bb4_4&Prime; saved_specialty_column_type=\u00a0\u00bb1_2&Prime; _builder_version=\u00a0\u00bb3.0.47&Prime; box_shadow_position=\u00a0\u00bbouter\u00a0\u00bb parallax=\u00a0\u00bboff\u00a0\u00bb parallax_method=\u00a0\u00bbon\u00a0\u00bb][et_pb_cta title=\u00a0\u00bbVos r\u00e9sultats d&rsquo;examens en ligne  \u00a0\u00bb button_url=\u00a0\u00bbhttps:\/\/xplore.ch-havre.fr\/XaPortailDiffusionMobile\/?codeparam=FEC\u00a0\u00bb button_text=\u00a0\u00bbMes r\u00e9sultats d\u2019IMAGERIE \u00a0\u00bb _builder_version=\u00a0\u00bb3.0.87&Prime; header_level=\u00a0\u00bbh1&Prime; header_font=\u00a0\u00bb||||||||\u00a0\u00bb body_font=\u00a0\u00bb||||||||\u00a0\u00bb body_font_size=\u00a0\u00bb67px\u00a0\u00bb body_text_color=\u00a0\u00bb#262626&Prime; box_shadow_style=\u00a0\u00bbpreset1&Prime; text_shadow_style=\u00a0\u00bbpreset1&Prime; text_shadow_color=\u00a0\u00bbrgba(12,12,12,0.4)\u00a0\u00bb]<\/p>\n<h3><\/h3>\n<p><img decoding=\"async\" loading=\"lazy\" src=\"https:\/\/www.ch-fecamp.fr\/wp-content\/uploads\/2022\/12\/Imagerie-300x161.png\" width=\"352\" height=\"189\" alt=\"\" class=\"wp-image-3850 alignnone size-medium\" srcset=\"https:\/\/www.ch-fecamp.fr\/wp-content\/uploads\/2022\/12\/Imagerie-300x161.png 300w, https:\/\/www.ch-fecamp.fr\/wp-content\/uploads\/2022\/12\/Imagerie-768x412.png 768w, https:\/\/www.ch-fecamp.fr\/wp-content\/uploads\/2022\/12\/Imagerie.png 840w\" sizes=\"(max-width: 352px) 100vw, 352px\" \/><\/p>\n<p>[\/et_pb_cta][\/et_pb_column_inner][\/et_pb_row_inner][et_pb_row_inner custom_padding=\u00a0\u00bb23px|0px|0px|0px\u00a0\u00bb _builder_version=\u00a0\u00bb3.0.87&Prime;][et_pb_column_inner type=\u00a0\u00bb4_4&Prime; saved_specialty_column_type=\u00a0\u00bb1_2&Prime; _builder_version=\u00a0\u00bb3.0.47&Prime; box_shadow_position=\u00a0\u00bbouter\u00a0\u00bb parallax=\u00a0\u00bboff\u00a0\u00bb parallax_method=\u00a0\u00bbon\u00a0\u00bb][et_pb_cta button_url=\u00a0\u00bbhttps:\/\/www.mesdroitstv.com\/fecamp76&Prime; button_text=\u00a0\u00bbCliquez ici pour acc\u00e9der \u00e0 votre abonnement t\u00e9l\u00e9vision \u00a0\u00bb _builder_version=\u00a0\u00bb3.0.87&Prime;]<\/p>\n<p><img decoding=\"async\" loading=\"lazy\" src=\"https:\/\/www.ch-fecamp.fr\/wp-content\/uploads\/2023\/11\/abonnement-TV-300x99.png\" width=\"494\" height=\"163\" alt=\"\" class=\"wp-image-4281 alignnone size-medium\" srcset=\"https:\/\/www.ch-fecamp.fr\/wp-content\/uploads\/2023\/11\/abonnement-TV-300x99.png 300w, https:\/\/www.ch-fecamp.fr\/wp-content\/uploads\/2023\/11\/abonnement-TV.png 733w\" sizes=\"(max-width: 494px) 100vw, 494px\" \/><\/p>\n<p>[\/et_pb_cta][\/et_pb_column_inner][\/et_pb_row_inner][\/et_pb_column][\/et_pb_section][et_pb_section fb_built=\u00a0\u00bb1&Prime; fullwidth=\u00a0\u00bbon\u00a0\u00bb _builder_version=\u00a0\u00bb3.0.87&Prime;][et_pb_fullwidth_image _builder_version=\u00a0\u00bb3.0.87&Prime;][\/et_pb_fullwidth_image][\/et_pb_section][et_pb_section fb_built=\u00a0\u00bb1&Prime; _builder_version=\u00a0\u00bb3.0.87&Prime; custom_padding=\u00a0\u00bb0px|0px|0px|0px\u00a0\u00bb][et_pb_row custom_padding=\u00a0\u00bb27px|0px|17px|0px\u00a0\u00bb make_equal=\u00a0\u00bbon\u00a0\u00bb custom_css_main_2=\u00a0\u00bbdisplay:flex;||align-items:center;||justify-content:center;\u00a0\u00bb _builder_version=\u00a0\u00bb3.0.87&Prime;][et_pb_column type=\u00a0\u00bb4_4&Prime; _builder_version=\u00a0\u00bb3.0.47&Prime; parallax=\u00a0\u00bboff\u00a0\u00bb parallax_method=\u00a0\u00bbon\u00a0\u00bb][et_pb_text _builder_version=\u00a0\u00bb3.0.87&Prime; header_font=\u00a0\u00bb||||||||\u00a0\u00bb header_text_color=\u00a0\u00bb#337ab7&Prime; header_2_font=\u00a0\u00bb|600|||||||\u00a0\u00bb header_2_text_align=\u00a0\u00bbcenter\u00a0\u00bb header_2_font_size=\u00a0\u00bb29px\u00a0\u00bb header_2_text_color=\u00a0\u00bb#337ab7&Prime;]<\/p>\n<h2>NOTRE ACTUALIT\u00c9<\/h2>\n<p>[\/et_pb_text][et_pb_divider color=\u00a0\u00bb#337ab7&Prime; show_divider=\u00a0\u00bbon\u00a0\u00bb divider_weight=\u00a0\u00bb3px\u00a0\u00bb height=\u00a0\u00bb21px\u00a0\u00bb _builder_version=\u00a0\u00bb3.0.87&Prime; max_width=\u00a0\u00bb11%\u00a0\u00bb module_alignment=\u00a0\u00bbcenter\u00a0\u00bb][\/et_pb_divider][et_pb_blog fullwidth=\u00a0\u00bboff\u00a0\u00bb posts_number=\u00a0\u00bb10&Prime; show_more=\u00a0\u00bbon\u00a0\u00bb show_author=\u00a0\u00bboff\u00a0\u00bb offset_number=\u00a0\u00bb0&Prime; _builder_version=\u00a0\u00bb3.0.87&Prime;][\/et_pb_blog][\/et_pb_column][\/et_pb_row][\/et_pb_section]<\/p>\n","protected":false},"excerpt":{"rendered":"<p>[et_pb_section fb_built=\u00a0\u00bb1&Prime; _builder_version=\u00a0\u00bb3.0.87&Prime; custom_padding=\u00a0\u00bb54px|0px|3px|0px\u00a0\u00bb custom_css_main_element=\u00a0\u00bbmargin-top: -28px\u00a0\u00bb][et_pb_row make_fullwidth=\u00a0\u00bbon\u00a0\u00bb use_custom_gutter=\u00a0\u00bbon\u00a0\u00bb gutter_width=\u00a0\u00bb1&Prime; custom_padding=\u00a0\u00bb0px|0px|0px|0px\u00a0\u00bb make_equal=\u00a0\u00bbon\u00a0\u00bb custom_css_main_2=\u00a0\u00bbdisplay:flex;||flex-direction:column;||||justify-content:center;\u00a0\u00bb _builder_version=\u00a0\u00bb3.0.87&Prime;][et_pb_column type=\u00a0\u00bb1_2&Prime; _builder_version=\u00a0\u00bb3.0.47&Prime; parallax=\u00a0\u00bboff\u00a0\u00bb parallax_method=\u00a0\u00bbon\u00a0\u00bb][et_pb_image src=\u00a0\u00bbhttps:\/\/www.ch-fecamp.fr\/wp-content\/uploads\/2024\/06\/PHOTO-exterieur-site.png\u00a0\u00bb _builder_version=\u00a0\u00bb3.0.87&Prime;][\/et_pb_image][\/et_pb_column][et_pb_column type=\u00a0\u00bb1_2&Prime; _builder_version=\u00a0\u00bb3.0.47&Prime; parallax=\u00a0\u00bboff\u00a0\u00bb parallax_method=\u00a0\u00bbon\u00a0\u00bb custom_css_main=\u00a0\u00bbdisplay:flex;||flex-direction:column;||||justify-content:center;\u00a0\u00bb][et_pb_text background_layout=\u00a0\u00bbdark\u00a0\u00bb _builder_version=\u00a0\u00bb3.0.87&Prime; text_font=\u00a0\u00bb||||||||\u00a0\u00bb text_text_color=\u00a0\u00bb#ffffff\u00a0\u00bb header_font=\u00a0\u00bb|600|||||||\u00a0\u00bb header_2_font=\u00a0\u00bb|600|||||||\u00a0\u00bb header_2_font_size=\u00a0\u00bb29px\u00a0\u00bb custom_margin=\u00a0\u00bb|||\u00a0\u00bb custom_padding=\u00a0\u00bb10px|10px||10px\u00a0\u00bb locked=\u00a0\u00bboff\u00a0\u00bb] Bienvenue Madame, Monsieur, Bienvenue sur le site Internet du Centre Hospitalier Intercommunal du Pays des Hautes Falaises qui assure des missions [&hellip;]<\/p>\n","protected":false},"author":2,"featured_media":0,"parent":0,"menu_order":0,"comment_status":"closed","ping_status":"closed","template":"","meta":[],"_links":{"self":[{"href":"https:\/\/www.ch-fecamp.fr\/index.php\/wp-json\/wp\/v2\/pages\/611"}],"collection":[{"href":"https:\/\/www.ch-fecamp.fr\/index.php\/wp-json\/wp\/v2\/pages"}],"about":[{"href":"https:\/\/www.ch-fecamp.fr\/index.php\/wp-json\/wp\/v2\/types\/page"}],"author":[{"embeddable":true,"href":"https:\/\/www.ch-fecamp.fr\/index.php\/wp-json\/wp\/v2\/users\/2"}],"replies":[{"embeddable":true,"href":"https:\/\/www.ch-fecamp.fr\/index.php\/wp-json\/wp\/v2\/comments?post=611"}],"version-history":[{"count":91,"href":"https:\/\/www.ch-fecamp.fr\/index.php\/wp-json\/wp\/v2\/pages\/611\/revisions"}],"predecessor-version":[{"id":4333,"href":"https:\/\/www.ch-fecamp.fr\/index.php\/wp-json\/wp\/v2\/pages\/611\/revisions\/4333"}],"wp:attachment":[{"href":"https:\/\/www.ch-fecamp.fr\/index.php\/wp-json\/wp\/v2\/media?parent=611"}],"curies":[{"name":"wp","href":"https:\/\/api.w.org\/{rel}","templated":true}]}}